{"id":11,"date":"2015-10-26T01:05:20","date_gmt":"2015-10-26T00:05:20","guid":{"rendered":"https:\/\/ocaolaranja.com\/en\/?page_id=10"},"modified":"2017-10-18T20:28:05","modified_gmt":"2017-10-18T19:28:05","slug":"empresa","status":"publish","type":"page","link":"https:\/\/ocaolaranja.com\/en\/empresa\/","title":{"rendered":"Empresa"},"content":{"rendered":"<p style=\"text-align: center;\"><strong>O C\u00e3o Laranja (Orange dog)<\/strong><\/p>\n<h1><strong>About us<\/strong><\/h1>\n<p><strong>O C\u00e3o Laranja (Orange dog)<\/strong><\/p>\n<p>&nbsp;<\/p>\n<p>The company &#8220;The Orange Dog&#8221; opened doors on 23 March 2014. Our project is born of love for the animals, the desire to share moments with them and power while providing them with our professionalism and that of the valences our space provides the care and well-being necessary to express their natural behaviors.<\/p>\n<p>We have a veterinary nurse full time to ensure the perfect accompaniment of your animal.<\/p>\n<p>Inspired in our pet &#8220;Tom\u00e9&#8221; . &#8220;Tom\u00e9&#8221; was an abandoned and mistreated puppy, was found in a very weak and very scared state of health. When we decided to adopt it we did it with the perfect notion of the responsibility that it entailed, we do not repent in any way. Today is a happy puppy, learned to trust humanity again.<\/p>\n<p><strong>Why the name Orange Dog?<\/strong><\/p>\n<p>At first you would think the name orange dog was because of Tome&#8217;s hair color. But it is in fact because, that a few minutes latter after adopting Tome the decision-making looked at their eyes and their eyelashes were perfectly oranges and then I exclaimed: &#8220;You will be my Orange Dog! &#8220;And so the name of our company was born, the result of a love story that we want to last for many, many years.<\/p>\n<p><strong>Objectives<\/strong><\/p>\n<p>Built up to think of your four-legged friend, but also in yourself that treasures your pet and wants the best for it. We hope and we will do everything to exceed your expectations.<br \/>\nOur main objective is your satisfaction. It is with great effort that we intend to reach you, we see in each client a friend and it is also in this way that we want you to see us.<\/p>\n<p><strong>Services<\/strong><\/p>\n<p>Our company is based in three valences: Hotel of cats, baths and shears and Petshop. We intend to be present in the various stages of your animal&#8217;s life. You can count on us to help you.<\/p>\n<h3 style=\"text-align: center;\"><strong>CONTACT US<\/strong><\/h3>\n<p>[contact-form-7 id=&#8221;7&#8243; title=&#8221;Formul\u00e1rio de contacto 1&#8243;]<\/p>\n<p>Thank for your time. If you have any questions do not hesitate to contact us, we will be at your disposal to clarify all your doubts and provide you with all needed information.<\/p>\n<table border=\"0\" width=\"100%\" cellspacing=\"0\" cellpadding=\"0\">\n<tbody>\n<tr>\n<td align=\"left\" valign=\"middle\" width=\"45\" height=\"50\"><img loading=\"lazy\" decoding=\"async\" src=\"https:\/\/ocaolaranja.com\/en\/wp-content\/uploads\/2015\/10\/email25.png\" alt=\"email25\" width=\"26\" height=\"26\" \/><\/td>\n<td>\u00a0<a href=\"tel:+351 938 315 317\" target=\"_blank\">938 315 317<\/a> \/ <a href=\"tel: +351 212 430 920\" target=\"_blank\">212 430 920<\/a><\/td>\n<\/tr>\n<tr>\n<td align=\"left\" valign=\"middle\" width=\"45\" height=\"50\"><img loading=\"lazy\" decoding=\"async\" src=\"https:\/\/ocaolaranja.com\/en\/wp-content\/uploads\/2015\/10\/email251.png\" alt=\"email25\" width=\"26\" height=\"26\" \/><\/td>\n<td>\u00a0<a href=\"m&#97;&#105;&#x6c;&#x74;o&#58;&#103;&#x65;&#x72;&#x61;l&#64;&#111;&#x63;&#x61;ol&#97;&#x72;&#x61;&#x6e;j&#97;&#46;&#x63;&#x6f;m\" target=\"_blank\">&#103;&#x65;&#114;&#x61;&#108;&#x40;o&#x63;a&#x6f;l&#97;&#x72;&#97;&#x6e;&#106;&#x61;&#46;&#x63;o&#x6d;<\/a><\/td>\n<\/tr>\n<tr>\n<td align=\"left\" valign=\"middle\" width=\"45\" height=\"50\"><img loading=\"lazy\" decoding=\"async\" src=\"https:\/\/ocaolaranja.com\/en\/wp-content\/uploads\/2015\/10\/morada25.png\" alt=\"morada25\" width=\"26\" height=\"26\" \/><\/td>\n<td><a href=\"https:\/\/www.google.pt\/maps\/place\/Praceta+Infant%C3%A1rio+7,+2720-304+Reboleira\/@38.7481021,-9.2301869,17z\/data=!3m1!4b1!4m2!3m1!1s0xd1ecd0206288897:0x9f7685764fe890d0\" target=\"_blank\">Praceta do Infant\u00e1rio 7 Loja B, Reboleira<\/a><br \/><a href=\"https:\/\/www.google.pt\/maps\/place\/Praceta+Infant%C3%A1rio+7,+2720-304+Reboleira\/@38.7481021,-9.2301869,17z\/data=!3m1!4b1!4m2!3m1!1s0xd1ecd0206288897:0x9f7685764fe890d0\" target=\"_blank\">2720-304 Amadora<\/a><\/td>\n<\/tr>\n<\/tbody>\n<\/table>\n<p><strong>Customer Service Hours<\/strong><\/p>\n<p>Monday to Friday\u00a0 10 am\u00a0 to 1:00 PM and 3 PM to 8:00 PM<br \/>\nSaturday to 9:00 AM to 1:00 AM and 2 PM to 6 PM<\/p>\n<p>\t\t\t\t<img loading=\"lazy\" decoding=\"async\" src=\"https:\/\/ocaolaranja.com\/en\/wp-content\/uploads\/2015\/10\/facebook601.png\" alt=\"facebook60\" itemprop=\"image\" height=\"68\" width=\"68\"  \/><\/p>\n<p><a href=\"https:\/\/www.facebook.com\/ocaolaranja\" target=\"_blank\">O C\u00e3o Laranja<\/a><\/p>\n<p>\t\t\t\t<img loading=\"lazy\" decoding=\"async\" src=\"https:\/\/ocaolaranja.com\/en\/wp-content\/uploads\/2015\/10\/facebook601.png\" alt=\"facebook60\" itemprop=\"image\" height=\"68\" width=\"68\"  \/><\/p>\n<p><a href=\"https:\/\/www.facebook.com\/hotelparagatoslisboa\" target=\"_blank\">Hotel para Gatos Lisboa<\/a><\/p>\n<p>\t\t\t\t<img loading=\"lazy\" decoding=\"async\" src=\"https:\/\/ocaolaranja.com\/en\/wp-content\/uploads\/2015\/10\/instagram60.png\" alt=\"instagram60\" itemprop=\"image\" height=\"78\" width=\"78\"  \/><\/p>\n<p><a href=\"https:\/\/instagram.com\/hotel_para_gatos_lisboa\/\" target=\"_blank\">Hotel para Gatos Lisboa<\/a><\/p>\n","protected":false},"excerpt":{"rendered":"<p>O C\u00e3o Laranja (Orange dog) About us O C\u00e3o Laranja (Orange dog) &nbsp; The company &#8220;The Orange Dog&#8221; opened doors on 23 March 2014. Our project is born of love for the animals, the desire to share moments with them and power while providing them with our professionalism and that of the valences our space&hellip;<\/p>\n","protected":false},"author":3,"featured_media":0,"parent":0,"menu_order":0,"comment_status":"closed","ping_status":"closed","template":"","meta":{"footnotes":""},"class_list":["post-11","page","type-page","status-publish","hentry"],"yoast_head":"<!-- This site is optimized with the Yoast SEO plugin v27.4 - https:\/\/yoast.com\/product\/yoast-seo-wordpress\/ -->\n<title>Empresa - \ufeffO C\u00e3o Laranja petshop hotel para gatos banhos e tosquias na reboleira amadora<\/title>\n<meta name=\"robots\" content=\"index, follow, max-snippet:-1, max-image-preview:large, max-video-preview:-1\" \/>\n<link rel=\"canonical\" href=\"https:\/\/ocaolaranja.com\/en\/empresa\/\" \/>\n<meta property=\"og:locale\" content=\"pt_PT\" \/>\n<meta property=\"og:type\" content=\"article\" \/>\n<meta property=\"og:title\" content=\"Empresa - \ufeffO C\u00e3o Laranja petshop hotel para gatos banhos e tosquias na reboleira amadora\" \/>\n<meta property=\"og:description\" content=\"O C\u00e3o Laranja (Orange dog) About us O C\u00e3o Laranja (Orange dog) &nbsp; The company &#8220;The Orange Dog&#8221; opened doors on 23 March 2014. Our project is born of love for the animals, the desire to share moments with them and power while providing them with our professionalism and that of the valences our space&hellip;\" \/>\n<meta property=\"og:url\" content=\"https:\/\/ocaolaranja.com\/en\/empresa\/\" \/>\n<meta property=\"og:site_name\" content=\"\ufeffO C\u00e3o Laranja petshop hotel para gatos banhos e tosquias na reboleira amadora\" \/>\n<meta property=\"article:modified_time\" content=\"2017-10-18T19:28:05+00:00\" \/>\n<meta property=\"og:image\" content=\"https:\/\/ocaolaranja.com\/en\/wp-content\/uploads\/2015\/10\/email25.png\" \/>\n<meta name=\"twitter:card\" content=\"summary_large_image\" \/>\n<meta name=\"twitter:label1\" content=\"Tempo estimado de leitura\" \/>\n\t<meta name=\"twitter:data1\" content=\"2 minutos\" \/>\n<script type=\"application\/ld+json\" class=\"yoast-schema-graph\">{\"@context\":\"https:\\\/\\\/schema.org\",\"@graph\":[{\"@type\":\"WebPage\",\"@id\":\"https:\\\/\\\/ocaolaranja.com\\\/en\\\/empresa\\\/\",\"url\":\"https:\\\/\\\/ocaolaranja.com\\\/en\\\/empresa\\\/\",\"name\":\"Empresa - \ufeffO C\u00e3o Laranja petshop hotel para gatos banhos e tosquias na reboleira amadora\",\"isPartOf\":{\"@id\":\"https:\\\/\\\/ocaolaranja.com\\\/en\\\/#website\"},\"primaryImageOfPage\":{\"@id\":\"https:\\\/\\\/ocaolaranja.com\\\/en\\\/empresa\\\/#primaryimage\"},\"image\":{\"@id\":\"https:\\\/\\\/ocaolaranja.com\\\/en\\\/empresa\\\/#primaryimage\"},\"thumbnailUrl\":\"https:\\\/\\\/ocaolaranja.com\\\/en\\\/wp-content\\\/uploads\\\/2015\\\/10\\\/email25.png\",\"datePublished\":\"2015-10-26T00:05:20+00:00\",\"dateModified\":\"2017-10-18T19:28:05+00:00\",\"breadcrumb\":{\"@id\":\"https:\\\/\\\/ocaolaranja.com\\\/en\\\/empresa\\\/#breadcrumb\"},\"inLanguage\":\"pt-PT\",\"potentialAction\":[{\"@type\":\"ReadAction\",\"target\":[\"https:\\\/\\\/ocaolaranja.com\\\/en\\\/empresa\\\/\"]}]},{\"@type\":\"ImageObject\",\"inLanguage\":\"pt-PT\",\"@id\":\"https:\\\/\\\/ocaolaranja.com\\\/en\\\/empresa\\\/#primaryimage\",\"url\":\"https:\\\/\\\/ocaolaranja.com\\\/en\\\/wp-content\\\/uploads\\\/2015\\\/10\\\/email25.png\",\"contentUrl\":\"https:\\\/\\\/ocaolaranja.com\\\/en\\\/wp-content\\\/uploads\\\/2015\\\/10\\\/email25.png\",\"width\":26,\"height\":26},{\"@type\":\"BreadcrumbList\",\"@id\":\"https:\\\/\\\/ocaolaranja.com\\\/en\\\/empresa\\\/#breadcrumb\",\"itemListElement\":[{\"@type\":\"ListItem\",\"position\":1,\"name\":\"Home\",\"item\":\"https:\\\/\\\/ocaolaranja.com\\\/en\\\/\"},{\"@type\":\"ListItem\",\"position\":2,\"name\":\"Empresa\"}]},{\"@type\":\"WebSite\",\"@id\":\"https:\\\/\\\/ocaolaranja.com\\\/en\\\/#website\",\"url\":\"https:\\\/\\\/ocaolaranja.com\\\/en\\\/\",\"name\":\"\ufeffO C\u00e3o Laranja petshop hotel para gatos banhos e tosquias na reboleira amadora\",\"description\":\"\ufeffO C\u00e3o Laranja petshop hotel para gatos banhos e tosquias na reboleira amadora\",\"potentialAction\":[{\"@type\":\"SearchAction\",\"target\":{\"@type\":\"EntryPoint\",\"urlTemplate\":\"https:\\\/\\\/ocaolaranja.com\\\/en\\\/?s={search_term_string}\"},\"query-input\":{\"@type\":\"PropertyValueSpecification\",\"valueRequired\":true,\"valueName\":\"search_term_string\"}}],\"inLanguage\":\"pt-PT\"}]}<\/script>\n<!-- \/ Yoast SEO plugin. -->","yoast_head_json":{"title":"Empresa - \ufeffO C\u00e3o Laranja petshop hotel para gatos banhos e tosquias na reboleira amadora","robots":{"index":"index","follow":"follow","max-snippet":"max-snippet:-1","max-image-preview":"max-image-preview:large","max-video-preview":"max-video-preview:-1"},"canonical":"https:\/\/ocaolaranja.com\/en\/empresa\/","og_locale":"pt_PT","og_type":"article","og_title":"Empresa - \ufeffO C\u00e3o Laranja petshop hotel para gatos banhos e tosquias na reboleira amadora","og_description":"O C\u00e3o Laranja (Orange dog) About us O C\u00e3o Laranja (Orange dog) &nbsp; The company &#8220;The Orange Dog&#8221; opened doors on 23 March 2014. Our project is born of love for the animals, the desire to share moments with them and power while providing them with our professionalism and that of the valences our space&hellip;","og_url":"https:\/\/ocaolaranja.com\/en\/empresa\/","og_site_name":"\ufeffO C\u00e3o Laranja petshop hotel para gatos banhos e tosquias na reboleira amadora","article_modified_time":"2017-10-18T19:28:05+00:00","og_image":[{"url":"https:\/\/ocaolaranja.com\/en\/wp-content\/uploads\/2015\/10\/email25.png","type":"","width":"","height":""}],"twitter_card":"summary_large_image","twitter_misc":{"Tempo estimado de leitura":"2 minutos"},"schema":{"@context":"https:\/\/schema.org","@graph":[{"@type":"WebPage","@id":"https:\/\/ocaolaranja.com\/en\/empresa\/","url":"https:\/\/ocaolaranja.com\/en\/empresa\/","name":"Empresa - \ufeffO C\u00e3o Laranja petshop hotel para gatos banhos e tosquias na reboleira amadora","isPartOf":{"@id":"https:\/\/ocaolaranja.com\/en\/#website"},"primaryImageOfPage":{"@id":"https:\/\/ocaolaranja.com\/en\/empresa\/#primaryimage"},"image":{"@id":"https:\/\/ocaolaranja.com\/en\/empresa\/#primaryimage"},"thumbnailUrl":"https:\/\/ocaolaranja.com\/en\/wp-content\/uploads\/2015\/10\/email25.png","datePublished":"2015-10-26T00:05:20+00:00","dateModified":"2017-10-18T19:28:05+00:00","breadcrumb":{"@id":"https:\/\/ocaolaranja.com\/en\/empresa\/#breadcrumb"},"inLanguage":"pt-PT","potentialAction":[{"@type":"ReadAction","target":["https:\/\/ocaolaranja.com\/en\/empresa\/"]}]},{"@type":"ImageObject","inLanguage":"pt-PT","@id":"https:\/\/ocaolaranja.com\/en\/empresa\/#primaryimage","url":"https:\/\/ocaolaranja.com\/en\/wp-content\/uploads\/2015\/10\/email25.png","contentUrl":"https:\/\/ocaolaranja.com\/en\/wp-content\/uploads\/2015\/10\/email25.png","width":26,"height":26},{"@type":"BreadcrumbList","@id":"https:\/\/ocaolaranja.com\/en\/empresa\/#breadcrumb","itemListElement":[{"@type":"ListItem","position":1,"name":"Home","item":"https:\/\/ocaolaranja.com\/en\/"},{"@type":"ListItem","position":2,"name":"Empresa"}]},{"@type":"WebSite","@id":"https:\/\/ocaolaranja.com\/en\/#website","url":"https:\/\/ocaolaranja.com\/en\/","name":"\ufeffO C\u00e3o Laranja petshop hotel para gatos banhos e tosquias na reboleira amadora","description":"\ufeffO C\u00e3o Laranja petshop hotel para gatos banhos e tosquias na reboleira amadora","potentialAction":[{"@type":"SearchAction","target":{"@type":"EntryPoint","urlTemplate":"https:\/\/ocaolaranja.com\/en\/?s={search_term_string}"},"query-input":{"@type":"PropertyValueSpecification","valueRequired":true,"valueName":"search_term_string"}}],"inLanguage":"pt-PT"}]}},"_links":{"self":[{"href":"https:\/\/ocaolaranja.com\/en\/wp-json\/wp\/v2\/pages\/11","targetHints":{"allow":["GET"]}}],"collection":[{"href":"https:\/\/ocaolaranja.com\/en\/wp-json\/wp\/v2\/pages"}],"about":[{"href":"https:\/\/ocaolaranja.com\/en\/wp-json\/wp\/v2\/types\/page"}],"author":[{"embeddable":true,"href":"https:\/\/ocaolaranja.com\/en\/wp-json\/wp\/v2\/users\/3"}],"replies":[{"embeddable":true,"href":"https:\/\/ocaolaranja.com\/en\/wp-json\/wp\/v2\/comments?post=11"}],"version-history":[{"count":0,"href":"https:\/\/ocaolaranja.com\/en\/wp-json\/wp\/v2\/pages\/11\/revisions"}],"wp:attachment":[{"href":"https:\/\/ocaolaranja.com\/en\/wp-json\/wp\/v2\/media?parent=11"}],"curies":[{"name":"wp","href":"https:\/\/api.w.org\/{rel}","templated":true}]}}