{"id":18,"date":"2015-10-26T01:10:22","date_gmt":"2015-10-26T00:10:22","guid":{"rendered":"https:\/\/ocaolaranja.com\/en\/?page_id=18"},"modified":"2018-05-19T19:07:46","modified_gmt":"2018-05-19T18:07:46","slug":"contactos","status":"publish","type":"page","link":"https:\/\/ocaolaranja.com\/en\/contactos\/","title":{"rendered":"Contactos"},"content":{"rendered":"<p>\t\t\t<a href=\"https:\/\/www.google.pt\/maps\/place\/Praceta+Infant%C3%A1rio+7,+2720-211+Amadora\/@38.747694,-9.22809,17z\/data=!4m2!3m1!1s0xd1eccfdf78f8e55:0x7ac0647e6247bcb3\" target=\"_blank\" role=\"button\" rel=\"noopener\" ><br \/>\n\t\t\t\t\t\t\tOPEN ON GOOGLE MAPS<br \/>\n\t\t\t\t\t<\/a><\/p>\n<h3><strong>CONTACT US<\/strong><\/h3>\n<h3>\n\t\t<\/h3>\n<\/p>\n<form id=\"wpforms-form-856\" data-formid=\"856\" method=\"post\" enctype=\"multipart\/form-data\" action=\"\/en\/contactos\/?fl_builder#wpforms-856\"><label for=\"wpforms-856-field_2\">Mensagem *<\/label><textarea id=\"wpforms-856-field_2\" name=\"wpforms[fields][2]\" placeholder=\"Por favor deixe a sua mensagem\" required><\/textarea><label for=\"wpforms-856-field_0\">Nome *<\/label><input type=\"text\" id=\"wpforms-856-field_0\" name=\"wpforms[fields][0]\" placeholder=\"Nome\" required><label for=\"wpforms-856-field_7\">Telefone *<\/label><input type=\"text\" id=\"wpforms-856-field_7\" name=\"wpforms[fields][7]\" placeholder=\"Telefone\" required><label for=\"wpforms-856-field_1\">Email *<\/label><input type=\"email\" id=\"wpforms-856-field_1\" name=\"wpforms[fields][1]\" placeholder=\"Email\" required><label for=\"wpforms-856-field_3\">Declara\u00e7\u00e3o de Privacidade *<\/label><\/p>\n<ul id=\"wpforms-856-field_3\">\n<li><input type=\"checkbox\" id=\"wpforms-856-field_3_2\" name=\"wpforms[fields][3][]\" value=\"Li e concordo com a &lt;a href=&quot;https:\/\/sitesewebdesign.com\/politica-de-privacidade&quot; target=&quot;_blank&quot;&gt;declara\u00e7\u00e3o de privacidade&lt;\/a&gt;\" required ><label for=\"wpforms-856-field_3_2\">Li e concordo com a <a href=\"https:\/\/sitesewebdesign.com\/politica-de-privacidade\" target=\"_blank\">declara\u00e7\u00e3o de privacidade<\/a><\/label><\/li>\n<\/ul>\n<p><label for=\"wpforms-field_hp\">Email<\/label><input type=\"text\" name=\"wpforms[hp]\" id=\"wpforms-field_hp\"><input type=\"hidden\" name=\"wpforms[id]\" value=\"856\"><input type=\"hidden\" name=\"wpforms[author]\" value=\"0\"><input type=\"hidden\" name=\"wpforms[post_id]\" value=\"18\"><button type=\"submit\" name=\"wpforms[submit]\" id=\"wpforms-submit-856\" value=\"wpforms-submit\" data-alt-text=\"A ENVIAR...\">ENVIAR<\/button><\/form>\n<p>Thank for your time. If you have any questions do not hesitate to contact us, we will be at your disposal to clarify all your doubts and provide you with all needed information.<\/p>\n<table border=\"0\" width=\"100%\" cellspacing=\"0\" cellpadding=\"0\">\n<tbody>\n<tr>\n<td align=\"left\" valign=\"middle\" width=\"45\" height=\"50\"><img loading=\"lazy\" decoding=\"async\" src=\"https:\/\/ocaolaranja.com\/en\/wp-content\/uploads\/2015\/10\/email25.png\" alt=\"email25\" width=\"26\" height=\"26\" \/><\/td>\n<td>\u00a0<a href=\"tel:+351 938 315 317\" target=\"_blank\">938 315 317<\/a> \/ <a href=\"tel: +351 212 430 920\" target=\"_blank\">212 430 920<\/a><\/td>\n<\/tr>\n<tr>\n<td align=\"left\" valign=\"middle\" width=\"45\" height=\"50\"><img loading=\"lazy\" decoding=\"async\" src=\"https:\/\/ocaolaranja.com\/en\/wp-content\/uploads\/2015\/10\/email251.png\" alt=\"email25\" width=\"26\" height=\"26\" \/><\/td>\n<td>\u00a0<a href=\"&#109;&#97;&#x69;&#x6c;&#116;&#111;&#x3a;&#x67;&#101;&#114;&#x61;&#x6c;&#64;&#111;&#x63;&#x61;&#111;&#108;&#x61;&#x72;&#97;&#110;&#x6a;&#x61;&#46;&#99;&#x6f;&#x6d;\" target=\"_blank\">&#103;&#x65;&#x72;a&#108;&#x40;o&#99;&#x61;o&#108;&#x61;r&#97;&#x6e;&#x6a;&#97;&#x2e;&#x63;o&#109;<\/a><\/td>\n<\/tr>\n<tr>\n<td align=\"left\" valign=\"middle\" width=\"45\" height=\"50\"><img loading=\"lazy\" decoding=\"async\" src=\"https:\/\/ocaolaranja.com\/en\/wp-content\/uploads\/2015\/10\/morada25.png\" alt=\"morada25\" width=\"26\" height=\"26\" \/><\/td>\n<td><a href=\"https:\/\/www.google.pt\/maps\/place\/Praceta+Infant%C3%A1rio+7,+2720-304+Reboleira\/@38.7481021,-9.2301869,17z\/data=!3m1!4b1!4m2!3m1!1s0xd1ecd0206288897:0x9f7685764fe890d0\" target=\"_blank\">Praceta do Infant\u00e1rio 7 Loja B, Reboleira<\/a><br \/><a href=\"https:\/\/www.google.pt\/maps\/place\/Praceta+Infant%C3%A1rio+7,+2720-304+Reboleira\/@38.7481021,-9.2301869,17z\/data=!3m1!4b1!4m2!3m1!1s0xd1ecd0206288897:0x9f7685764fe890d0\" target=\"_blank\">2720-304 Amadora<\/a><\/td>\n<\/tr>\n<\/tbody>\n<\/table>\n<p><strong>Customer Service Hours<\/strong><\/p>\n<p>Monday to Friday\u00a0 10 am\u00a0 to 1:00 PM and 3 PM to 8:00 PM<br \/>\nSaturday to 9:00 AM to 1:00 AM and 2 PM to 6 PM<\/p>\n<p>\t\t\t\t<img loading=\"lazy\" decoding=\"async\" src=\"https:\/\/ocaolaranja.com\/en\/wp-content\/uploads\/2015\/10\/facebook601.png\" alt=\"facebook60\" itemprop=\"image\" height=\"68\" width=\"68\" title=\"facebook60\"  \/><\/p>\n<p><a href=\"https:\/\/www.facebook.com\/ocaolaranja\" target=\"_blank\">O C\u00e3o Laranja<\/a><\/p>\n<p>\t\t\t\t<img loading=\"lazy\" decoding=\"async\" src=\"https:\/\/ocaolaranja.com\/en\/wp-content\/uploads\/2015\/10\/facebook601.png\" alt=\"facebook60\" itemprop=\"image\" height=\"68\" width=\"68\" title=\"facebook60\"  \/><\/p>\n<p><a href=\"https:\/\/www.facebook.com\/hotelparagatoslisboa\" target=\"_blank\">Hotel para Gatos Lisboa<\/a><\/p>\n<p>\t\t\t\t<img loading=\"lazy\" decoding=\"async\" src=\"https:\/\/ocaolaranja.com\/en\/wp-content\/uploads\/2015\/10\/instagram60.png\" alt=\"instagram60\" itemprop=\"image\" height=\"78\" width=\"78\" title=\"instagram60\"  \/><\/p>\n<p><a href=\"https:\/\/instagram.com\/hotel_para_gatos_lisboa\/\" target=\"_blank\">Hotel para Gatos Lisboa<\/a><\/p>\n","protected":false},"excerpt":{"rendered":"<p>OPEN ON GOOGLE MAPS CONTACT US Mensagem *Nome *Telefone *Email *Declara\u00e7\u00e3o de Privacidade * Li e concordo com a declara\u00e7\u00e3o de privacidade EmailENVIAR Thank for your time. If you have any questions do not hesitate to contact us, we will be at your disposal to clarify all your doubts and provide you with all needed&hellip;<\/p>\n","protected":false},"author":3,"featured_media":0,"parent":0,"menu_order":0,"comment_status":"closed","ping_status":"closed","template":"","meta":{"footnotes":""},"class_list":["post-18","page","type-page","status-publish","hentry"],"yoast_head":"<!-- This site is optimized with the Yoast SEO plugin v27.4 - https:\/\/yoast.com\/product\/yoast-seo-wordpress\/ -->\n<title>Contactos - \ufeffO C\u00e3o Laranja petshop hotel para gatos banhos e tosquias na reboleira amadora<\/title>\n<meta name=\"robots\" content=\"index, follow, max-snippet:-1, max-image-preview:large, max-video-preview:-1\" \/>\n<link rel=\"canonical\" href=\"https:\/\/ocaolaranja.com\/en\/contactos\/\" \/>\n<meta property=\"og:locale\" content=\"pt_PT\" \/>\n<meta property=\"og:type\" content=\"article\" \/>\n<meta property=\"og:title\" content=\"Contactos - \ufeffO C\u00e3o Laranja petshop hotel para gatos banhos e tosquias na reboleira amadora\" \/>\n<meta property=\"og:description\" content=\"OPEN ON GOOGLE MAPS CONTACT US Mensagem *Nome *Telefone *Email *Declara\u00e7\u00e3o de Privacidade * Li e concordo com a declara\u00e7\u00e3o de privacidade EmailENVIAR Thank for your time. If you have any questions do not hesitate to contact us, we will be at your disposal to clarify all your doubts and provide you with all needed&hellip;\" \/>\n<meta property=\"og:url\" content=\"https:\/\/ocaolaranja.com\/en\/contactos\/\" \/>\n<meta property=\"og:site_name\" content=\"\ufeffO C\u00e3o Laranja petshop hotel para gatos banhos e tosquias na reboleira amadora\" \/>\n<meta property=\"article:modified_time\" content=\"2018-05-19T18:07:46+00:00\" \/>\n<meta property=\"og:image\" content=\"https:\/\/ocaolaranja.com\/en\/wp-content\/uploads\/2015\/10\/email25.png\" \/>\n<meta name=\"twitter:card\" content=\"summary_large_image\" \/>\n<meta name=\"twitter:label1\" content=\"Tempo estimado de leitura\" \/>\n\t<meta name=\"twitter:data1\" content=\"1 minuto\" \/>\n<script type=\"application\/ld+json\" class=\"yoast-schema-graph\">{\"@context\":\"https:\\\/\\\/schema.org\",\"@graph\":[{\"@type\":\"WebPage\",\"@id\":\"https:\\\/\\\/ocaolaranja.com\\\/en\\\/contactos\\\/\",\"url\":\"https:\\\/\\\/ocaolaranja.com\\\/en\\\/contactos\\\/\",\"name\":\"Contactos - \ufeffO C\u00e3o Laranja petshop hotel para gatos banhos e tosquias na reboleira amadora\",\"isPartOf\":{\"@id\":\"https:\\\/\\\/ocaolaranja.com\\\/en\\\/#website\"},\"primaryImageOfPage\":{\"@id\":\"https:\\\/\\\/ocaolaranja.com\\\/en\\\/contactos\\\/#primaryimage\"},\"image\":{\"@id\":\"https:\\\/\\\/ocaolaranja.com\\\/en\\\/contactos\\\/#primaryimage\"},\"thumbnailUrl\":\"https:\\\/\\\/ocaolaranja.com\\\/en\\\/wp-content\\\/uploads\\\/2015\\\/10\\\/email25.png\",\"datePublished\":\"2015-10-26T00:10:22+00:00\",\"dateModified\":\"2018-05-19T18:07:46+00:00\",\"breadcrumb\":{\"@id\":\"https:\\\/\\\/ocaolaranja.com\\\/en\\\/contactos\\\/#breadcrumb\"},\"inLanguage\":\"pt-PT\",\"potentialAction\":[{\"@type\":\"ReadAction\",\"target\":[\"https:\\\/\\\/ocaolaranja.com\\\/en\\\/contactos\\\/\"]}]},{\"@type\":\"ImageObject\",\"inLanguage\":\"pt-PT\",\"@id\":\"https:\\\/\\\/ocaolaranja.com\\\/en\\\/contactos\\\/#primaryimage\",\"url\":\"https:\\\/\\\/ocaolaranja.com\\\/en\\\/wp-content\\\/uploads\\\/2015\\\/10\\\/email25.png\",\"contentUrl\":\"https:\\\/\\\/ocaolaranja.com\\\/en\\\/wp-content\\\/uploads\\\/2015\\\/10\\\/email25.png\",\"width\":26,\"height\":26},{\"@type\":\"BreadcrumbList\",\"@id\":\"https:\\\/\\\/ocaolaranja.com\\\/en\\\/contactos\\\/#breadcrumb\",\"itemListElement\":[{\"@type\":\"ListItem\",\"position\":1,\"name\":\"Home\",\"item\":\"https:\\\/\\\/ocaolaranja.com\\\/en\\\/\"},{\"@type\":\"ListItem\",\"position\":2,\"name\":\"Contactos\"}]},{\"@type\":\"WebSite\",\"@id\":\"https:\\\/\\\/ocaolaranja.com\\\/en\\\/#website\",\"url\":\"https:\\\/\\\/ocaolaranja.com\\\/en\\\/\",\"name\":\"\ufeffO C\u00e3o Laranja petshop hotel para gatos banhos e tosquias na reboleira amadora\",\"description\":\"\ufeffO C\u00e3o Laranja petshop hotel para gatos banhos e tosquias na reboleira amadora\",\"potentialAction\":[{\"@type\":\"SearchAction\",\"target\":{\"@type\":\"EntryPoint\",\"urlTemplate\":\"https:\\\/\\\/ocaolaranja.com\\\/en\\\/?s={search_term_string}\"},\"query-input\":{\"@type\":\"PropertyValueSpecification\",\"valueRequired\":true,\"valueName\":\"search_term_string\"}}],\"inLanguage\":\"pt-PT\"}]}<\/script>\n<!-- \/ Yoast SEO plugin. -->","yoast_head_json":{"title":"Contactos - \ufeffO C\u00e3o Laranja petshop hotel para gatos banhos e tosquias na reboleira amadora","robots":{"index":"index","follow":"follow","max-snippet":"max-snippet:-1","max-image-preview":"max-image-preview:large","max-video-preview":"max-video-preview:-1"},"canonical":"https:\/\/ocaolaranja.com\/en\/contactos\/","og_locale":"pt_PT","og_type":"article","og_title":"Contactos - \ufeffO C\u00e3o Laranja petshop hotel para gatos banhos e tosquias na reboleira amadora","og_description":"OPEN ON GOOGLE MAPS CONTACT US Mensagem *Nome *Telefone *Email *Declara\u00e7\u00e3o de Privacidade * Li e concordo com a declara\u00e7\u00e3o de privacidade EmailENVIAR Thank for your time. If you have any questions do not hesitate to contact us, we will be at your disposal to clarify all your doubts and provide you with all needed&hellip;","og_url":"https:\/\/ocaolaranja.com\/en\/contactos\/","og_site_name":"\ufeffO C\u00e3o Laranja petshop hotel para gatos banhos e tosquias na reboleira amadora","article_modified_time":"2018-05-19T18:07:46+00:00","og_image":[{"url":"https:\/\/ocaolaranja.com\/en\/wp-content\/uploads\/2015\/10\/email25.png","type":"","width":"","height":""}],"twitter_card":"summary_large_image","twitter_misc":{"Tempo estimado de leitura":"1 minuto"},"schema":{"@context":"https:\/\/schema.org","@graph":[{"@type":"WebPage","@id":"https:\/\/ocaolaranja.com\/en\/contactos\/","url":"https:\/\/ocaolaranja.com\/en\/contactos\/","name":"Contactos - \ufeffO C\u00e3o Laranja petshop hotel para gatos banhos e tosquias na reboleira amadora","isPartOf":{"@id":"https:\/\/ocaolaranja.com\/en\/#website"},"primaryImageOfPage":{"@id":"https:\/\/ocaolaranja.com\/en\/contactos\/#primaryimage"},"image":{"@id":"https:\/\/ocaolaranja.com\/en\/contactos\/#primaryimage"},"thumbnailUrl":"https:\/\/ocaolaranja.com\/en\/wp-content\/uploads\/2015\/10\/email25.png","datePublished":"2015-10-26T00:10:22+00:00","dateModified":"2018-05-19T18:07:46+00:00","breadcrumb":{"@id":"https:\/\/ocaolaranja.com\/en\/contactos\/#breadcrumb"},"inLanguage":"pt-PT","potentialAction":[{"@type":"ReadAction","target":["https:\/\/ocaolaranja.com\/en\/contactos\/"]}]},{"@type":"ImageObject","inLanguage":"pt-PT","@id":"https:\/\/ocaolaranja.com\/en\/contactos\/#primaryimage","url":"https:\/\/ocaolaranja.com\/en\/wp-content\/uploads\/2015\/10\/email25.png","contentUrl":"https:\/\/ocaolaranja.com\/en\/wp-content\/uploads\/2015\/10\/email25.png","width":26,"height":26},{"@type":"BreadcrumbList","@id":"https:\/\/ocaolaranja.com\/en\/contactos\/#breadcrumb","itemListElement":[{"@type":"ListItem","position":1,"name":"Home","item":"https:\/\/ocaolaranja.com\/en\/"},{"@type":"ListItem","position":2,"name":"Contactos"}]},{"@type":"WebSite","@id":"https:\/\/ocaolaranja.com\/en\/#website","url":"https:\/\/ocaolaranja.com\/en\/","name":"\ufeffO C\u00e3o Laranja petshop hotel para gatos banhos e tosquias na reboleira amadora","description":"\ufeffO C\u00e3o Laranja petshop hotel para gatos banhos e tosquias na reboleira amadora","potentialAction":[{"@type":"SearchAction","target":{"@type":"EntryPoint","urlTemplate":"https:\/\/ocaolaranja.com\/en\/?s={search_term_string}"},"query-input":{"@type":"PropertyValueSpecification","valueRequired":true,"valueName":"search_term_string"}}],"inLanguage":"pt-PT"}]}},"_links":{"self":[{"href":"https:\/\/ocaolaranja.com\/en\/wp-json\/wp\/v2\/pages\/18","targetHints":{"allow":["GET"]}}],"collection":[{"href":"https:\/\/ocaolaranja.com\/en\/wp-json\/wp\/v2\/pages"}],"about":[{"href":"https:\/\/ocaolaranja.com\/en\/wp-json\/wp\/v2\/types\/page"}],"author":[{"embeddable":true,"href":"https:\/\/ocaolaranja.com\/en\/wp-json\/wp\/v2\/users\/3"}],"replies":[{"embeddable":true,"href":"https:\/\/ocaolaranja.com\/en\/wp-json\/wp\/v2\/comments?post=18"}],"version-history":[{"count":0,"href":"https:\/\/ocaolaranja.com\/en\/wp-json\/wp\/v2\/pages\/18\/revisions"}],"wp:attachment":[{"href":"https:\/\/ocaolaranja.com\/en\/wp-json\/wp\/v2\/media?parent=18"}],"curies":[{"name":"wp","href":"https:\/\/api.w.org\/{rel}","templated":true}]}}