{"id":11,"date":"2015-10-26T01:05:20","date_gmt":"2015-10-26T00:05:20","guid":{"rendered":"https:\/\/ocaolaranja.com\/fr\/?page_id=10"},"modified":"2017-10-31T20:13:02","modified_gmt":"2017-10-31T19:13:02","slug":"empresa","status":"publish","type":"page","link":"https:\/\/ocaolaranja.com\/fr\/empresa\/","title":{"rendered":"Empresa"},"content":{"rendered":"<p style=\"text-align: center;\"><strong>O C\u00e3o Laranja<\/strong><\/p>\n<p style=\"text-align: center;\">\u00c0 propos de nous<\/p>\n<p style=\"text-align: center;\">Le chien orange<\/p>\n<p>La soci\u00e9t\u00e9 \u00ab The Dog Orange \u00bb a ouvert des portes le 23 Mars 2014. Notre projet est n\u00e9 de l&#8217;amour pour les animaux, le d\u00e9sir de partager des moments avec eux et la puissance tout en leur fournissant notre professionnalisme et celui des valences notre espace fournit les soins et le bien-\u00eatre n\u00e9cessaires pour exprimer leurs comportements naturels.<br \/>\nNous avons une infirmi\u00e8re v\u00e9t\u00e9rinaire \u00e0 plein temps pour assurer l&#8217;accompagnement parfait de votre animal.<\/p>\n<p>Inspir\u00e9 par le &#8220;Tom\u00e9&#8221; notre chien de compagnie, notre compagnie appara\u00eet. Le &#8220;Tom\u00e9&#8221; \u00e9tait un chiot abandonn\u00e9 et maltrait\u00e9, il se trouvait dans un \u00e9tat de sant\u00e9 tr\u00e8s faible et tr\u00e8s effray\u00e9. Quand nous avons d\u00e9cid\u00e9 de l&#8217;adopter, nous l&#8217;avons fait avec la notion parfaite de la responsabilit\u00e9 que cela impliquait, nous ne nous repentons en aucune fa\u00e7on. Aujourd&#8217;hui, c&#8217;est un chiot heureux, appris \u00e0 faire \u00e0 nouveau confiance \u00e0 l&#8217;humanit\u00e9.<\/p>\n<p>Et pourquoi le chien orange?<\/p>\n<p>L&#8217;\u00e9vidence est par la ressemblance \u00e0 la teinte de vos cheveux. Moins \u00e9vidente est que lorsque observ\u00e9 plusieurs minutes lors de l&#8217;adoption de la prise de d\u00e9cision regarda les yeux et leurs cils \u00e9taient parfaitement oranges et j&#8217;\u00e9cri\u00e9: \u00ab Tu seras mon chien d&#8217;Orange! C&#8217;est ainsi qu&#8217;est n\u00e9 le nom de notre entreprise, fruit d&#8217;une histoire d&#8217;amour que nous voulons durer de nombreuses ann\u00e9es.<\/p>\n<p>Objectifs<\/p>\n<p>Construit pour penser \u00e0 votre ami \u00e0 quatre pattes, mais aussi en vous-m\u00eame qui ch\u00e9rit votre animal de compagnie et veut le meilleur pour cela. Nous esp\u00e9rons et nous ferons tout pour d\u00e9passer vos attentes.<br \/>\nNotre objectif principal est votre satisfaction. C&#8217;est avec beaucoup d&#8217;efforts que nous avons l&#8217;intention de vous atteindre, nous voyons dans chaque client un ami et c&#8217;est aussi de cette fa\u00e7on que nous voulons que vous nous voyiez.<\/p>\n<p>Achat maison chester<\/p>\n<p>Notre soci\u00e9t\u00e9 est bas\u00e9e dans trois valences: H\u00f4tel de chats, bains et cisailles et Petshop. Nous avons l&#8217;intention d&#8217;\u00eatre pr\u00e9sent dans les diff\u00e9rentes \u00e9tapes de la vie de votre animal. Vous pouvez compter sur nous pour vous aider.<\/p>\n<h3 style=\"text-align: center;\"><strong>CONTACT<\/strong><\/h3>\n<p>[contact-form-7 id=&#8221;7&#8243; title=&#8221;Formul\u00e1rio de contacto 1&#8243;]<\/p>\n<p>Si vous avez des questions n&#8217;h\u00e9sitez pas \u00e0 nous contacter, nous serons \u00e0 votre disposition pour clarifier tous vos doutes et vous fournir toutes les informations que vous estimez n\u00e9cessaires.<\/p>\n<table border=\"0\" width=\"100%\" cellspacing=\"0\" cellpadding=\"0\">\n<tbody>\n<tr>\n<td align=\"left\" valign=\"middle\" width=\"45\" height=\"50\"><img loading=\"lazy\" decoding=\"async\" src=\"https:\/\/ocaolaranja.com\/fr\/wp-content\/uploads\/2015\/10\/email25.png\" alt=\"email25\" width=\"26\" height=\"26\" \/><\/td>\n<td>\u00a0<a href=\"tel:+351 938 315 317\" target=\"_blank\">938 315 317<\/a> \/ <a href=\"tel: +351 212 430 920\" target=\"_blank\">212 430 920<\/a><\/td>\n<\/tr>\n<tr>\n<td align=\"left\" valign=\"middle\" width=\"45\" height=\"50\"><img loading=\"lazy\" decoding=\"async\" src=\"https:\/\/ocaolaranja.com\/fr\/wp-content\/uploads\/2015\/10\/email251.png\" alt=\"email25\" width=\"26\" height=\"26\" \/><\/td>\n<td>\u00a0<a href=\"m&#97;&#105;&#108;&#x74;&#x6f;&#x3a;ge&#114;&#97;&#x6c;&#x40;&#x6f;&#x63;ao&#108;&#97;&#x72;&#x61;&#x6e;&#x6a;a&#46;&#99;&#111;&#x6d;\" target=\"_blank\">&#x67;e&#x72;&#97;&#x6c;&#64;o&#x63;a&#x6f;&#108;&#x61;&#114;a&#x6e;&#106;&#x61;&#46;c&#x6f;m<\/a><\/td>\n<\/tr>\n<tr>\n<td align=\"left\" valign=\"middle\" width=\"45\" height=\"50\"><img loading=\"lazy\" decoding=\"async\" src=\"https:\/\/ocaolaranja.com\/fr\/wp-content\/uploads\/2015\/10\/morada25.png\" alt=\"morada25\" width=\"26\" height=\"26\" \/><\/td>\n<td><a href=\"https:\/\/www.google.pt\/maps\/place\/Praceta+Infant%C3%A1rio+7,+2720-304+Reboleira\/@38.7481021,-9.2301869,17z\/data=!3m1!4b1!4m2!3m1!1s0xd1ecd0206288897:0x9f7685764fe890d0\" target=\"_blank\" rel=\"noopener\">Praceta do Infant\u00e1rio 7 Loja B, Reboleira<\/a><br \/><a href=\"https:\/\/www.google.pt\/maps\/place\/Praceta+Infant%C3%A1rio+7,+2720-304+Reboleira\/@38.7481021,-9.2301869,17z\/data=!3m1!4b1!4m2!3m1!1s0xd1ecd0206288897:0x9f7685764fe890d0\" target=\"_blank\" rel=\"noopener\">2720-304 Amadora<\/a><\/td>\n<\/tr>\n<\/tbody>\n<\/table>\n<p><strong>Heures de service client<\/strong><\/p>\n<p>Du lundi au vendredi de 10h30 \u00e0 13h00 et de 15h00 \u00e0 20h00<br \/>\nLes samedis de 9h \u00e0 13h et de 14h \u00e0 18h<\/p>\n<p>\t\t\t\t<img loading=\"lazy\" decoding=\"async\" src=\"https:\/\/ocaolaranja.com\/fr\/wp-content\/uploads\/2015\/10\/facebook601.png\" alt=\"facebook60\" itemprop=\"image\" height=\"68\" width=\"68\"  \/><\/p>\n<p><a href=\"https:\/\/www.facebook.com\/ocaolaranja\" target=\"_blank\" rel=\"noopener\">O C\u00e3o Laranja<\/a><\/p>\n<p>\t\t\t\t<img loading=\"lazy\" decoding=\"async\" src=\"https:\/\/ocaolaranja.com\/fr\/wp-content\/uploads\/2015\/10\/facebook601.png\" alt=\"facebook60\" itemprop=\"image\" height=\"68\" width=\"68\"  \/><\/p>\n<p><a href=\"https:\/\/www.facebook.com\/hotelparagatoslisboa\" target=\"_blank\" rel=\"noopener\">Hotel para Gatos Lisboa<\/a><\/p>\n<p>\t\t\t\t<img loading=\"lazy\" decoding=\"async\" src=\"https:\/\/ocaolaranja.com\/fr\/wp-content\/uploads\/2015\/10\/instagram60.png\" alt=\"instagram60\" itemprop=\"image\" height=\"78\" width=\"78\"  \/><\/p>\n<p><a href=\"https:\/\/instagram.com\/hotel_para_gatos_lisboa\/\" target=\"_blank\" rel=\"noopener\">Hotel para Gatos Lisboa<\/a><\/p>\n","protected":false},"excerpt":{"rendered":"<p>O C\u00e3o Laranja \u00c0 propos de nous Le chien orange La soci\u00e9t\u00e9 \u00ab The Dog Orange \u00bb a ouvert des portes le 23 Mars 2014. Notre projet est n\u00e9 de l&#8217;amour pour les animaux, le d\u00e9sir de partager des moments avec eux et la puissance tout en leur fournissant notre professionnalisme et celui des valences&hellip;<\/p>\n","protected":false},"author":3,"featured_media":0,"parent":0,"menu_order":0,"comment_status":"closed","ping_status":"closed","template":"","meta":{"footnotes":""},"class_list":["post-11","page","type-page","status-publish","hentry"],"_links":{"self":[{"href":"https:\/\/ocaolaranja.com\/fr\/wp-json\/wp\/v2\/pages\/11","targetHints":{"allow":["GET"]}}],"collection":[{"href":"https:\/\/ocaolaranja.com\/fr\/wp-json\/wp\/v2\/pages"}],"about":[{"href":"https:\/\/ocaolaranja.com\/fr\/wp-json\/wp\/v2\/types\/page"}],"author":[{"embeddable":true,"href":"https:\/\/ocaolaranja.com\/fr\/wp-json\/wp\/v2\/users\/3"}],"replies":[{"embeddable":true,"href":"https:\/\/ocaolaranja.com\/fr\/wp-json\/wp\/v2\/comments?post=11"}],"version-history":[{"count":0,"href":"https:\/\/ocaolaranja.com\/fr\/wp-json\/wp\/v2\/pages\/11\/revisions"}],"wp:attachment":[{"href":"https:\/\/ocaolaranja.com\/fr\/wp-json\/wp\/v2\/media?parent=11"}],"curies":[{"name":"wp","href":"https:\/\/api.w.org\/{rel}","templated":true}]}}