{"id":12,"date":"2015-10-26T01:09:02","date_gmt":"2015-10-26T00:09:02","guid":{"rendered":"https:\/\/ocaolaranja.com\/fr\/?page_id=12"},"modified":"2017-10-31T20:09:41","modified_gmt":"2017-10-31T19:09:41","slug":"petshop","status":"publish","type":"page","link":"https:\/\/ocaolaranja.com\/fr\/petshop\/","title":{"rendered":"Petshop"},"content":{"rendered":"<h1><strong>Magasins d&#8217;animaux<\/strong><\/h1>\n<p>Nous avons une animalerie o\u00f9 vous pouvez trouver tout ce dont vous avez besoin pour votre animal de compagnie. Des jouets, produits d&#8217;hygi\u00e8ne, de la nourriture s\u00e8che et humide aux marques vari\u00e9es du march\u00e9 ainsi que tout ce dont vous avez besoin pour le confort de votre ami. Nous avons \u00e9galement les meilleures marques de sable liant. Nous livrons \u00e0 votre domicile \u00e0 Reboleira et ses environs.<\/p>\n<h3 style=\"text-align: center;\"><strong>CONTACT<\/strong><\/h3>\n<p>[contact-form-7 id=&#8221;7&#8243; title=&#8221;Formul\u00e1rio de contacto 1&#8243;]<\/p>\n<p>Si vous avez des questions n&#8217;h\u00e9sitez pas \u00e0 nous contacter, nous serons \u00e0 votre disposition pour clarifier tous vos doutes et vous fournir toutes les informations que vous estimez n\u00e9cessaires.<\/p>\n<table border=\"0\" width=\"100%\" cellspacing=\"0\" cellpadding=\"0\">\n<tbody>\n<tr>\n<td align=\"left\" valign=\"middle\" width=\"45\" height=\"50\"><img loading=\"lazy\" decoding=\"async\" src=\"https:\/\/ocaolaranja.com\/fr\/wp-content\/uploads\/2015\/10\/email25.png\" alt=\"email25\" width=\"26\" height=\"26\" \/><\/td>\n<td>\u00a0<a href=\"tel:+351 938 315 317\" target=\"_blank\">938 315 317<\/a> \/ <a href=\"tel: +351 212 430 920\" target=\"_blank\">212 430 920<\/a><\/td>\n<\/tr>\n<tr>\n<td align=\"left\" valign=\"middle\" width=\"45\" height=\"50\"><img loading=\"lazy\" decoding=\"async\" src=\"https:\/\/ocaolaranja.com\/fr\/wp-content\/uploads\/2015\/10\/email251.png\" alt=\"email25\" width=\"26\" height=\"26\" \/><\/td>\n<td>\u00a0<a href=\"&#109;&#x61;&#105;&#x6c;t&#111;&#x3a;&#103;&#x65;r&#x61;l&#64;&#x6f;&#99;&#x61;o&#x6c;&#x61;&#114;&#x61;n&#x6a;a&#46;&#x63;&#111;&#x6d;\" target=\"_blank\">&#103;e&#x72;a&#x6c;&#64;&#x6f;c&#x61;&#111;&#x6c;&#97;&#x72;&#97;&#x6e;&#106;a&#46;c&#x6f;m<\/a><\/td>\n<\/tr>\n<tr>\n<td align=\"left\" valign=\"middle\" width=\"45\" height=\"50\"><img loading=\"lazy\" decoding=\"async\" src=\"https:\/\/ocaolaranja.com\/fr\/wp-content\/uploads\/2015\/10\/morada25.png\" alt=\"morada25\" width=\"26\" height=\"26\" \/><\/td>\n<td><a href=\"https:\/\/www.google.pt\/maps\/place\/Praceta+Infant%C3%A1rio+7,+2720-304+Reboleira\/@38.7481021,-9.2301869,17z\/data=!3m1!4b1!4m2!3m1!1s0xd1ecd0206288897:0x9f7685764fe890d0\" target=\"_blank\" rel=\"noopener\">Praceta do Infant\u00e1rio 7 Loja B, Reboleira<\/a><br \/><a href=\"https:\/\/www.google.pt\/maps\/place\/Praceta+Infant%C3%A1rio+7,+2720-304+Reboleira\/@38.7481021,-9.2301869,17z\/data=!3m1!4b1!4m2!3m1!1s0xd1ecd0206288897:0x9f7685764fe890d0\" target=\"_blank\" rel=\"noopener\">2720-304 Amadora<\/a><\/td>\n<\/tr>\n<\/tbody>\n<\/table>\n<p><strong>Heures de service client<\/strong><\/p>\n<p>Du lundi au vendredi de 10h30 \u00e0 13h00 et de 15h00 \u00e0 20h00<br \/>\nLes samedis de 9h \u00e0 13h et de 14h \u00e0 18h<\/p>\n<p>\t\t\t\t<img loading=\"lazy\" decoding=\"async\" src=\"https:\/\/ocaolaranja.com\/fr\/wp-content\/uploads\/2015\/10\/facebook601.png\" alt=\"facebook60\" itemprop=\"image\" height=\"68\" width=\"68\"  \/><\/p>\n<p><a href=\"https:\/\/www.facebook.com\/ocaolaranja\" target=\"_blank\" rel=\"noopener\">O C\u00e3o Laranja<\/a><\/p>\n<p>\t\t\t\t<img loading=\"lazy\" decoding=\"async\" src=\"https:\/\/ocaolaranja.com\/fr\/wp-content\/uploads\/2015\/10\/facebook601.png\" alt=\"facebook60\" itemprop=\"image\" height=\"68\" width=\"68\"  \/><\/p>\n<p><a href=\"https:\/\/www.facebook.com\/hotelparagatoslisboa\" target=\"_blank\" rel=\"noopener\">Hotel para Gatos Lisboa<\/a><\/p>\n<p>\t\t\t\t<img loading=\"lazy\" decoding=\"async\" src=\"https:\/\/ocaolaranja.com\/fr\/wp-content\/uploads\/2015\/10\/instagram60.png\" alt=\"instagram60\" itemprop=\"image\" height=\"78\" width=\"78\"  \/><\/p>\n<p><a href=\"https:\/\/instagram.com\/hotel_para_gatos_lisboa\/\" target=\"_blank\" rel=\"noopener\">Hotel para Gatos Lisboa<\/a><\/p>\n","protected":false},"excerpt":{"rendered":"<p>Magasins d&#8217;animaux Nous avons une animalerie o\u00f9 vous pouvez trouver tout ce dont vous avez besoin pour votre animal de compagnie. Des jouets, produits d&#8217;hygi\u00e8ne, de la nourriture s\u00e8che et humide aux marques vari\u00e9es du march\u00e9 ainsi que tout ce dont vous avez besoin pour le confort de votre ami. Nous avons \u00e9galement les meilleures&hellip;<\/p>\n","protected":false},"author":3,"featured_media":0,"parent":0,"menu_order":0,"comment_status":"closed","ping_status":"closed","template":"","meta":{"footnotes":""},"class_list":["post-12","page","type-page","status-publish","hentry"],"_links":{"self":[{"href":"https:\/\/ocaolaranja.com\/fr\/wp-json\/wp\/v2\/pages\/12","targetHints":{"allow":["GET"]}}],"collection":[{"href":"https:\/\/ocaolaranja.com\/fr\/wp-json\/wp\/v2\/pages"}],"about":[{"href":"https:\/\/ocaolaranja.com\/fr\/wp-json\/wp\/v2\/types\/page"}],"author":[{"embeddable":true,"href":"https:\/\/ocaolaranja.com\/fr\/wp-json\/wp\/v2\/users\/3"}],"replies":[{"embeddable":true,"href":"https:\/\/ocaolaranja.com\/fr\/wp-json\/wp\/v2\/comments?post=12"}],"version-history":[{"count":0,"href":"https:\/\/ocaolaranja.com\/fr\/wp-json\/wp\/v2\/pages\/12\/revisions"}],"wp:attachment":[{"href":"https:\/\/ocaolaranja.com\/fr\/wp-json\/wp\/v2\/media?parent=12"}],"curies":[{"name":"wp","href":"https:\/\/api.w.org\/{rel}","templated":true}]}}