{"id":1205,"date":"2019-06-14T17:57:51","date_gmt":"2019-06-14T16:57:51","guid":{"rendered":"https:\/\/ocaolaranja.com\/fr\/?page_id=1205"},"modified":"2019-06-14T19:52:41","modified_gmt":"2019-06-14T18:52:41","slug":"politique-de-confidentialite","status":"publish","type":"page","link":"https:\/\/ocaolaranja.com\/fr\/politique-de-confidentialite\/","title":{"rendered":"Politique de Confidentialite"},"content":{"rendered":"<p><strong>Politique de confidentialit\u00e9<\/strong><\/p>\n<p><strong>Nous soutenons et d\u00e9fendons le droit \u00e0 la vie priv\u00e9e!<\/strong><br \/>\nEn tant que tel, nous expliquons quelles donn\u00e9es personnelles sont collect\u00e9es, comment elles sont utilis\u00e9es et comment elles sont stock\u00e9es.<\/p>\n<p>&nbsp;<\/p>\n<p><strong>Lorsque vous remplissez nos formulaires de contact:<\/strong><br \/>\nNous recueillons uniquement les donn\u00e9es personnelles que vous avez choisi d&#8217;entrer, telles que votre nom, votre adresse \u00e9lectronique et votre num\u00e9ro de t\u00e9l\u00e9phone. Nous utilisons vos donn\u00e9es personnelles uniquement pour fournir un retour et une continuit\u00e9 \u00e0 votre sujet initial. Nous n&#8217;effectuons aucune communication marketing sans votre consentement expr\u00e8s ni ne divulguons vos informations \u00e0 des tiers.<\/p>\n<p>&nbsp;<\/p>\n<p><strong>Lorsque vous nous contactez par tout autre moyen:<\/strong><br \/>\nNous utilisons les donn\u00e9es personnelles pr\u00e9sentes dans vos communications uniquement \u00e0 des fins de r\u00e9troaction et de continuit\u00e9 pour votre sujet initial. Nous n&#8217;effectuons aucune communication marketing sans votre consentement expr\u00e8s ni ne divulguons vos informations \u00e0 des tiers.<\/p>\n<p>&nbsp;<\/p>\n<p><strong>Lorsque vous nous envoyez vos informations de facturation:<\/strong><br \/>\nNous utilisons des donn\u00e9es personnelles pour \u00e9mettre des factures, des re\u00e7us et d\u2019autres documents comptables. Les documents comptables, obligatoires en vertu de la loi, sont remis aux responsables du traitement fiscal. Nous n&#8217;autorisons pas la divulgation ou toute autre utilisation des donn\u00e9es contenues dans ces documents.<\/p>\n<p>&nbsp;<\/p>\n<p><strong>Gr\u00e2ce aux outils de suivi et aux cookies:<\/strong><br \/>\nAfin de surveiller notre site et de personnaliser votre exp\u00e9rience et vos annonces, nous utilisons des services de suivi tiers (tels que Google Analytics) et des cookies (fichiers de donn\u00e9es de petite taille stock\u00e9s sur votre appareil via votre navigateur) qui collectent des donn\u00e9es telles que les pages que vous avez consult\u00e9es. notre site, heure, date, dur\u00e9e, pr\u00e9f\u00e9rences, adresse IP, appareil, navigateur utilis\u00e9, entre autres. Nous n&#8217;autorisons pas la divulgation ou toute autre utilisation des donn\u00e9es collect\u00e9es.<\/p>\n<p>&nbsp;<\/p>\n<p><strong>Comment nous stockons vos donn\u00e9es:<\/strong><br \/>\nLorsque nous utilisons des services &#8220;en nuage&#8221; (tels que des courriels, stockage, h\u00e9bergement, outils de suivi et cookies) de soci\u00e9t\u00e9s telles que Google, Facebook, Microsoft, Dropbox, Siteground et autres, vos donn\u00e9es sont stock\u00e9es \u00e0 distance dans les pays fournisseurs de ces m\u00eames services. et o\u00f9 les lois sur la protection des donn\u00e9es peuvent \u00eatre diff\u00e9rentes. Cependant, encore et encore, nous n&#8217;autorisons pas la divulgation ou toute autre utilisation des donn\u00e9es stock\u00e9es. Lorsque nous cr\u00e9ons des documents relatifs \u00e0 nos communications (telles que des demandes de contact, des enregistrements client, des pr\u00e9f\u00e9rences de contact et des factures), vos donn\u00e9es ne seront stock\u00e9es localement que pendant le temps strictement n\u00e9cessaire. Bien qu&#8217;aucune m\u00e9thode ne soit s\u00e9curis\u00e9e \u00e0 100%, nous vous assurons que nous prenons toutes les mesures n\u00e9cessaires et raisonnables pour nous assurer que vos donn\u00e9es sont stock\u00e9es de mani\u00e8re s\u00e9curis\u00e9e.<\/p>\n<p>&nbsp;<\/p>\n<p><strong>Tu as des droits!<\/strong><br \/>\nEn plus du droit d&#8217;\u00eatre inform\u00e9 de mani\u00e8re transparente sur la mani\u00e8re dont vos donn\u00e9es personnelles sont utilis\u00e9es (comme nous l&#8217;avons fait ci-dessus), vous avez \u00e9galement le droit d&#8217;acc\u00e9der \u00e0 vos donn\u00e9es personnelles, de les rectifier, de les effacer, de les restreindre et d&#8217;en assurer la portabilit\u00e9. , s&#8217;opposer \u00e0 son utilisation et a \u00e9galement le droit d&#8217;\u00eatre prot\u00e9g\u00e9 contre les d\u00e9cisions autonomes et de profilage. Veuillez noter que lorsque vous envoyez vos informations personnelles par courrier \u00e9lectronique, elles ne peuvent que vous \u00eatre transmises et stock\u00e9es par nous. Donc, si vous avez besoin de l\u2019une de ces op\u00e9rations, veuillez nous contacter via les contacts sur notre site Web.<\/p>\n","protected":false},"excerpt":{"rendered":"<p>Politique de confidentialit\u00e9 Nous soutenons et d\u00e9fendons le droit \u00e0 la vie priv\u00e9e! En tant que tel, nous expliquons quelles donn\u00e9es personnelles sont collect\u00e9es, comment elles sont utilis\u00e9es et comment elles sont stock\u00e9es. &nbsp; Lorsque vous remplissez nos formulaires de contact: Nous recueillons uniquement les donn\u00e9es personnelles que vous avez choisi d&#8217;entrer, telles que votre&hellip;<\/p>\n","protected":false},"author":3,"featured_media":0,"parent":0,"menu_order":0,"comment_status":"closed","ping_status":"closed","template":"","meta":{"footnotes":""},"class_list":["post-1205","page","type-page","status-publish","hentry"],"_links":{"self":[{"href":"https:\/\/ocaolaranja.com\/fr\/wp-json\/wp\/v2\/pages\/1205","targetHints":{"allow":["GET"]}}],"collection":[{"href":"https:\/\/ocaolaranja.com\/fr\/wp-json\/wp\/v2\/pages"}],"about":[{"href":"https:\/\/ocaolaranja.com\/fr\/wp-json\/wp\/v2\/types\/page"}],"author":[{"embeddable":true,"href":"https:\/\/ocaolaranja.com\/fr\/wp-json\/wp\/v2\/users\/3"}],"replies":[{"embeddable":true,"href":"https:\/\/ocaolaranja.com\/fr\/wp-json\/wp\/v2\/comments?post=1205"}],"version-history":[{"count":0,"href":"https:\/\/ocaolaranja.com\/fr\/wp-json\/wp\/v2\/pages\/1205\/revisions"}],"wp:attachment":[{"href":"https:\/\/ocaolaranja.com\/fr\/wp-json\/wp\/v2\/media?parent=1205"}],"curies":[{"name":"wp","href":"https:\/\/api.w.org\/{rel}","templated":true}]}}