{"id":14,"date":"2015-10-26T01:09:39","date_gmt":"2015-10-26T00:09:39","guid":{"rendered":"https:\/\/ocaolaranja.com\/fr\/?page_id=14"},"modified":"2017-10-31T20:06:07","modified_gmt":"2017-10-31T19:06:07","slug":"banhos-e-tosquias","status":"publish","type":"page","link":"https:\/\/ocaolaranja.com\/fr\/banhos-e-tosquias\/","title":{"rendered":"Banhos e Tosquias"},"content":{"rendered":"<h1>Salon de beaut\u00e9 et bien-\u00eatre<\/h1>\n<p>Nous avons un salon enti\u00e8rement \u00e9quip\u00e9 afin de garantir l&#8217;hygi\u00e8ne parfaite et l&#8217;esth\u00e9tique de votre animal de compagnie.<\/p>\n<p>Dans cet espace, votre animal peut profiter des soins d&#8217;hygi\u00e8ne n\u00e9cessaires \u00e0 votre bien-\u00eatre, du bain au cisaillement, en passant par le nettoyage des oreilles et la coupe des ongles.<\/p>\n<p>Les bains et les draps sont effectu\u00e9s par une infirmi\u00e8re v\u00e9t\u00e9rinaire form\u00e9e en esth\u00e9tique animale. Des produits professionnels de la plus haute qualit\u00e9 sont utilis\u00e9s.<\/p>\n<p>C&#8217;est aussi souvent par le biais des soins d&#8217;hygi\u00e8ne que nous d\u00e9tectons certains probl\u00e8mes qui peuvent passer inaper\u00e7us au propri\u00e9taire, tels que l&#8217;otite, la dermatite, le prurit, les parasites &#8230; Nous accordons donc une attention particuli\u00e8re \u00e0 l&#8217;\u00e9tat g\u00e9n\u00e9ral de votre animal. qu&#8217;au moindre signal, vous alertez votre assistant v\u00e9t\u00e9rinaire.<\/p>\n<p>Nous avons un \u00e9quilibre v\u00e9t\u00e9rinaire, o\u00f9 vous pouvez peser votre animal de compagnie.<\/p>\n<h3 style=\"text-align: center;\"><strong>CONTACT<\/strong><\/h3>\n<p>[contact-form-7 id=&#8221;7&#8243; title=&#8221;Formul\u00e1rio de contacto 1&#8243;]<\/p>\n<p>Si vous avez des questions n&#8217;h\u00e9sitez pas \u00e0 nous contacter, nous serons \u00e0 votre disposition pour clarifier tous vos doutes et vous fournir toutes les informations que vous estimez n\u00e9cessaires.<\/p>\n<table border=\"0\" width=\"100%\" cellspacing=\"0\" cellpadding=\"0\">\n<tbody>\n<tr>\n<td align=\"left\" valign=\"middle\" width=\"45\" height=\"50\"><img loading=\"lazy\" decoding=\"async\" src=\"https:\/\/ocaolaranja.com\/fr\/wp-content\/uploads\/2015\/10\/email25.png\" alt=\"email25\" width=\"26\" height=\"26\" \/><\/td>\n<td>\u00a0<a href=\"tel:+351 938 315 317\" target=\"_blank\">938 315 317<\/a> \/ <a href=\"tel: +351 212 430 920\" target=\"_blank\">212 430 920<\/a><\/td>\n<\/tr>\n<tr>\n<td align=\"left\" valign=\"middle\" width=\"45\" height=\"50\"><img loading=\"lazy\" decoding=\"async\" src=\"https:\/\/ocaolaranja.com\/fr\/wp-content\/uploads\/2015\/10\/email251.png\" alt=\"email25\" width=\"26\" height=\"26\" \/><\/td>\n<td>\u00a0<a href=\"m&#97;&#x69;&#x6c;t&#111;&#x3a;&#x67;e&#114;&#97;&#x6c;&#x40;o&#99;&#x61;&#x6f;l&#97;&#x72;&#x61;n&#106;&#97;&#x2e;&#x63;o&#109;\" target=\"_blank\">&#x67;e&#x72;&#97;&#x6c;&#x40;o&#x63;&#97;&#x6f;&#x6c;a&#x72;&#97;&#x6e;&#x6a;a&#x2e;&#99;&#x6f;&#x6d;<\/a><\/td>\n<\/tr>\n<tr>\n<td align=\"left\" valign=\"middle\" width=\"45\" height=\"50\"><img loading=\"lazy\" decoding=\"async\" src=\"https:\/\/ocaolaranja.com\/fr\/wp-content\/uploads\/2015\/10\/morada25.png\" alt=\"morada25\" width=\"26\" height=\"26\" \/><\/td>\n<td><a href=\"https:\/\/www.google.pt\/maps\/place\/Praceta+Infant%C3%A1rio+7,+2720-304+Reboleira\/@38.7481021,-9.2301869,17z\/data=!3m1!4b1!4m2!3m1!1s0xd1ecd0206288897:0x9f7685764fe890d0\" target=\"_blank\" rel=\"noopener\">Praceta do Infant\u00e1rio 7 Loja B, Reboleira<\/a><br \/><a href=\"https:\/\/www.google.pt\/maps\/place\/Praceta+Infant%C3%A1rio+7,+2720-304+Reboleira\/@38.7481021,-9.2301869,17z\/data=!3m1!4b1!4m2!3m1!1s0xd1ecd0206288897:0x9f7685764fe890d0\" target=\"_blank\" rel=\"noopener\">2720-304 Amadora<\/a><\/td>\n<\/tr>\n<\/tbody>\n<\/table>\n<p><strong>Heures de service client<\/strong><\/p>\n<p>Du lundi au vendredi de 10h30 \u00e0 13h00 et de 15h00 \u00e0 20h00<br \/>\nLes samedis de 9h \u00e0 13h et de 14h \u00e0 18h<\/p>\n<p>\t\t\t\t<img loading=\"lazy\" decoding=\"async\" src=\"https:\/\/ocaolaranja.com\/fr\/wp-content\/uploads\/2015\/10\/facebook601.png\" alt=\"facebook60\" itemprop=\"image\" height=\"68\" width=\"68\"  \/><\/p>\n<p><a href=\"https:\/\/www.facebook.com\/ocaolaranja\" target=\"_blank\" rel=\"noopener\">O C\u00e3o Laranja<\/a><\/p>\n<p>\t\t\t\t<img loading=\"lazy\" decoding=\"async\" src=\"https:\/\/ocaolaranja.com\/fr\/wp-content\/uploads\/2015\/10\/facebook601.png\" alt=\"facebook60\" itemprop=\"image\" height=\"68\" width=\"68\"  \/><\/p>\n<p><a href=\"https:\/\/www.facebook.com\/hotelparagatoslisboa\" target=\"_blank\" rel=\"noopener\">Hotel para Gatos Lisboa<\/a><\/p>\n<p>\t\t\t\t<img loading=\"lazy\" decoding=\"async\" src=\"https:\/\/ocaolaranja.com\/fr\/wp-content\/uploads\/2015\/10\/instagram60.png\" alt=\"instagram60\" itemprop=\"image\" height=\"78\" width=\"78\"  \/><\/p>\n<p><a href=\"https:\/\/instagram.com\/hotel_para_gatos_lisboa\/\" target=\"_blank\" rel=\"noopener\">Hotel para Gatos Lisboa<\/a><\/p>\n","protected":false},"excerpt":{"rendered":"<p>Salon de beaut\u00e9 et bien-\u00eatre Nous avons un salon enti\u00e8rement \u00e9quip\u00e9 afin de garantir l&#8217;hygi\u00e8ne parfaite et l&#8217;esth\u00e9tique de votre animal de compagnie. Dans cet espace, votre animal peut profiter des soins d&#8217;hygi\u00e8ne n\u00e9cessaires \u00e0 votre bien-\u00eatre, du bain au cisaillement, en passant par le nettoyage des oreilles et la coupe des ongles. Les bains&hellip;<\/p>\n","protected":false},"author":3,"featured_media":0,"parent":0,"menu_order":0,"comment_status":"closed","ping_status":"closed","template":"","meta":{"footnotes":""},"class_list":["post-14","page","type-page","status-publish","hentry"],"_links":{"self":[{"href":"https:\/\/ocaolaranja.com\/fr\/wp-json\/wp\/v2\/pages\/14","targetHints":{"allow":["GET"]}}],"collection":[{"href":"https:\/\/ocaolaranja.com\/fr\/wp-json\/wp\/v2\/pages"}],"about":[{"href":"https:\/\/ocaolaranja.com\/fr\/wp-json\/wp\/v2\/types\/page"}],"author":[{"embeddable":true,"href":"https:\/\/ocaolaranja.com\/fr\/wp-json\/wp\/v2\/users\/3"}],"replies":[{"embeddable":true,"href":"https:\/\/ocaolaranja.com\/fr\/wp-json\/wp\/v2\/comments?post=14"}],"version-history":[{"count":0,"href":"https:\/\/ocaolaranja.com\/fr\/wp-json\/wp\/v2\/pages\/14\/revisions"}],"wp:attachment":[{"href":"https:\/\/ocaolaranja.com\/fr\/wp-json\/wp\/v2\/media?parent=14"}],"curies":[{"name":"wp","href":"https:\/\/api.w.org\/{rel}","templated":true}]}}