{"id":16,"date":"2015-10-26T01:10:05","date_gmt":"2015-10-26T00:10:05","guid":{"rendered":"https:\/\/ocaolaranja.com\/fr\/?page_id=16"},"modified":"2018-02-15T17:40:12","modified_gmt":"2018-02-15T16:40:12","slug":"hotel-para-gatos","status":"publish","type":"page","link":"https:\/\/ocaolaranja.com\/fr\/hotel-para-gatos\/","title":{"rendered":"Hotel para Gatos"},"content":{"rendered":"<p style=\"text-align: justify;\"><strong>HOTEL POUR CHATS<\/strong><\/p>\n<p style=\"text-align: justify;\">Notre h\u00f4tel a les meilleures conditions pour le s\u00e9jour de votre chat, depuis les suites spacieuses et individuelles, le parc d&#8217;attractions f\u00e9lin, la ventilation, la climatisation et les soins sp\u00e9cialis\u00e9s d&#8217;une infirmi\u00e8re v\u00e9t\u00e9rinaire. L&#8217;h\u00f4tel a de la musique ambiante. Les parcs d&#8217;attractions sont grands \u00e9tant enrichis avec des grattoirs, des tunnels, des jouets et des fontaines d&#8217;eau. Notre h\u00f4tel est autoris\u00e9 en tant qu&#8217;h\u00e9bergement par la Direction G\u00e9n\u00e9rale de l&#8217;Alimentation et des Services V\u00e9t\u00e9rinaires sous le num\u00e9ro PT 3 009 FL sous le num\u00e9ro D.L. 276\/2001 du 17 octobre.<\/p>\n<h1><strong>Conditions d&#8217;admission<\/strong><\/h1>\n<p>&nbsp;<\/p>\n<p>Le chien orange s&#8217;engage \u00e0 installer des animaux de compagnie, y compris des chats, des lapins et des cochons d&#8217;Inde, dans des installations appropri\u00e9es, pendant les p\u00e9riodes convenues avec les propri\u00e9taires, en leur fournissant des soins appropri\u00e9s, y compris la garde et l&#8217;alimentation. Nous ne sommes pas responsables des cas de mort subite chez les animaux apparemment sains \u00e0 l&#8217;admission ou chez les animaux atteints de maladies chroniques. L&#8217;hygi\u00e8ne parfaite et la sant\u00e9 mentale de notre espace est une pr\u00e9occupation constante. Nous sommes fiers de fournir un service personnalis\u00e9 et un regard attentif en permanence sur le bien-\u00eatre de votre animal de compagnie.<\/p>\n<p>Les installations sont individuelles et entretenues dans les meilleures conditions sanitaires. La nourriture fournie est toujours de qualit\u00e9 Super Premium du march\u00e9 dans notre magasin. Ceci est facultatif et le client peut apporter le flux de votre animal.<\/p>\n<p>Nous n&#8217;avons jamais r\u00e9uni des chats de diff\u00e9rents propri\u00e9taires, ni dans les suites ni dans les parcs d&#8217;attractions.<\/p>\n<p>L&#8217;une de nos plus grandes pr\u00e9occupations est le bien-\u00eatre de votre animal. Pour cette raison, les animaux de toute esp\u00e8ce qui ne semblent pas en bonne sant\u00e9 ou qui n&#8217;ont pas leur carnet de vaccination \u00e0 jour ainsi que les inqui\u00e9tudes internes et externes ne sont pas autoris\u00e9s.<\/p>\n<p>Vaccins annuels &#8211; Chats &#8211; (Herp\u00e8svirose respiratoire, rhinotrach\u00e9ite infectieuse ou calcivirose, panleucop\u00e9nie infectieuse).<\/p>\n<p>Lapins et cobayes &#8211; Vous devriez \u00e9galement avoir votre plan de vaccination \u00e0 jour.<\/p>\n<p>La pulv\u00e9risation interne et externe doit \u00eatre \u00e0 jour. Diarrh\u00e9e interne est effectu\u00e9e de 3-3 mois ou 4-4 mois, selon les conseils de votre v\u00e9t\u00e9rinaire, pour les vers intestinaux.<\/p>\n<p>Jeunes chats (2-6 mois) &#8211; Les jeunes chats sont admis lorsqu&#8217;ils ont accompli la Primovacination qui est effectu\u00e9e avec deux renforcements de vaccin espac\u00e9s pendant une p\u00e9riode de 3 semaines ainsi que vermifugation dans la journ\u00e9e.<\/p>\n<p>Le dernier renfort doit avoir \u00e9t\u00e9 administr\u00e9 au moins 5 jours avant l&#8217;admission \u00e0 l&#8217;h\u00f4tel.<\/p>\n<p>Annuels &#8211; Chat &#8211; Vaccins (virus de l&#8217;herp\u00e8s, ou respiratoire Infectieuse calcivirose rhinotrach\u00e9ite, panleucop\u00e9nie). infectieuse<\/p>\n<p>Lapins et cobayes &#8211; Vous avez \u00e9galement votre plan de vaccination \u00e0 jour.<\/p>\n<p>La pulv\u00e9risation interne et externe doit \u00eatre \u00e0 jour. Diarrh\u00e9e interne is intermediate of 3-3 mois ou 4-4 mois, selon les conseils de votre v\u00e9t\u00e9rinaire, pour les vers intestinaux.<\/p>\n<p>Jeunes chats (2-6 mois) &#8211; Les chats jeunes GESPUB are la accompli lorsqu&#8217;ils Primovacination en Ontario Qui est \u00e9ffectu\u00e9e Avec Renforcements deux VACCIN Pendentif Une period Espaces de 3 semaines que vermifugation Dans AINSI la journ\u00e9e.<\/p>\n<p>Le dernier renfort doit avoir \u00e9t\u00e9 administr\u00e9 au moins 5 jours avant l&#8217;admission \u00e0 l&#8217;h\u00f4tel.<\/p>\n<p>Le d\u00e9parasitage externe doit \u00eatre fait tous les mois (sur une &#8220;pipette&#8221;). Id\u00e9alement, cela devrait \u00eatre fait d\u00e9j\u00e0 \u00e0 la maison. En cas de besoin on peut le faire au moment de l&#8217;admission de l&#8217;animal, cela repr\u00e9sente une valeur suppl\u00e9mentaire (la valeur du spot utilis\u00e9).<\/p>\n<p>Gardez \u00e0 l&#8217;esprit que m\u00eame si votre chat est un animal de compagnie, il peut devenir porteur de puces s&#8217;il ne se conforme pas \u00e0 son vermifuge externe. Nous ne sommes pas responsables si un animal devient infest\u00e9 s&#8217;il ne r\u00e9pond pas \u00e0 ce crit\u00e8re. Avoir le vermifuge externe dans la journ\u00e9e dans tous les animaux permet la salubrit\u00e9 parfaite de notre espace.<\/p>\n<p>Si des puces sont d\u00e9tect\u00e9es chez l&#8217;animal, nous recourrons au vermifuge externe appropri\u00e9, dont la valeur est factur\u00e9e ult\u00e9rieurement.<\/p>\n<p style=\"text-align: justify;\">\n<p><strong>Rongeurs<\/strong> &#8211; \u00e0 \u00e9valuer au moment de l&#8217;admission.<\/p>\n<p>Toute maladie r\u00e9cente ou maladie chronique que l&#8217;animal porte doit \u00eatre signal\u00e9e \u00e0 la date d&#8217;entr\u00e9e.<br \/>\nLes animaux atteints de maladies infectieuses ne sont pas accept\u00e9s, en particulier dans le cas des chats, FIV \/ FELV positif.<\/p>\n<p>Dans le cas o\u00f9 l&#8217;animal fait des m\u00e9dicaments, le propri\u00e9taire doit apporter la prescription du v\u00e9t\u00e9rinaire adjoint pour prouver ce fait et le m\u00e9dicament pour les jours convenus.<\/p>\n<p>Les montants \u00e0 facturer quotidiennement se rapportent exclusivement \u00e0 l&#8217;h\u00e9bergement et aux repas.<\/p>\n<p>Le Propri\u00e9taire s&#8217;engage \u00e0 fournir correctement toutes les informations n\u00e9cessaires pour remplir le formulaire client, ainsi que pour prouver son identit\u00e9 et son adresse.<\/p>\n<p>Il s&#8217;engage \u00e9galement \u00e0 informer le chien orange de tout changement pertinent, sans dissimuler aucun probl\u00e8me de sant\u00e9 ou de comportement de votre animal, et accepter librement les points mentionn\u00e9s dans le pr\u00e9sent document.<\/p>\n<h1>\u00a0<\/h1>\n<p><strong>Prix \u200b\u200bet R\u00e9servations (2018)<\/strong><\/p>\n<p><strong>(Les montants mentionn\u00e9s comprennent le taux de TVA l\u00e9gal en vigueur 23%)<\/strong><\/p>\n<p>La basse saison est consid\u00e9r\u00e9e tout au long de l&#8217;ann\u00e9e sauf pour la p\u00e9riode de P\u00e2ques (du 26 Mars au 3 Avril) la p\u00e9riode estivale (du 21 juin au 22 septembre) la p\u00e9riode de No\u00ebl et du Nouvel An (du 15 d\u00e9cembre au 6 janvier) \u00e9tant ces dates sont consid\u00e9r\u00e9es comme haute saison.<\/p>\n<p>\u00c9tant donn\u00e9 que le nombre maximum de chats par suite est de 3 chats (\u00e0 condition qu&#8217;ils soient le m\u00eame propri\u00e9taire et aient une relation pacifique entre eux)<\/p>\n<p>Haute saison<\/p>\n<p>1 Chat- 14 Euros \/ 2 Chats &#8211; 22 Euros \/ 3 Chats &#8211; 30 Euros<\/p>\n<p>(D\u00e9j\u00e0 avec de la nourriture et du gratin inclus)<\/p>\n<p>Basse saison tous les jours<\/p>\n<p>1 Chat- 12 Euros \/ 2 Chats &#8211; 18 Euros \/ 3 Chats &#8211; 24 Euros<\/p>\n<p>(D\u00e9j\u00e0 avec de la nourriture et du gratin inclus)<\/p>\n<p>Les s\u00e9jours de plus de 15 jours b\u00e9n\u00e9ficient d&#8217;une r\u00e9duction de 5%. Dans le cas o\u00f9 le client demande plus de jours de s\u00e9jour pour son animal en plus de celui r\u00e9serv\u00e9, il est consid\u00e9r\u00e9 comme un nouveau s\u00e9jour, il n&#8217;y a pas d&#8217;accumulation de jours, et il n&#8217;y a pas de r\u00e9duction, sauf si ce nouveau s\u00e9jour est sup\u00e9rieur \u00e0 15 jours. Cette r\u00e9duction n&#8217;est pas cumulable avec nos partenariats.<\/p>\n<p>R\u00e9servation de s\u00e9jour &#8211; Comment proc\u00e9der:<\/p>\n<p>La r\u00e9servation du s\u00e9jour peut \u00eatre faite en personne \u00e0 notre \u00e9tablissement ou par t\u00e9l\u00e9phone. Si vous choisissez de le faire par t\u00e9l\u00e9phone, nous vous remettrons notre IBAN (PT50 0035 0679 00013797230 82) vers lequel vous devez transf\u00e9rer. D\u00e8s que vous effectuez un paiement, vous devez nous envoyer le document correspondant afin que votre r\u00e9servation puisse \u00eatre faite et nous fournir vos informations de facturation pour vous envoyer le re\u00e7u correspondant.<\/p>\n<p>En basse saison &#8211; La r\u00e9servation est soumise au pr\u00e9paiement de 50% de la valeur totale estim\u00e9e du s\u00e9jour &#8211; En cas d&#8217;annulation du s\u00e9jour, le montant pay\u00e9 \u00e0 l&#8217;avance ne sera pas rembours\u00e9. Le reste (50%) sera pay\u00e9 lors de l&#8217;admission de l&#8217;animal.<\/p>\n<p>En haute saison &#8211; La r\u00e9servation est soumise au pr\u00e9paiement de 50% de la valeur totale estim\u00e9e du s\u00e9jour &#8211; En cas d&#8217;annulation du s\u00e9jour, le montant vers\u00e9 \u00e0 l&#8217;avance \u00e0 cet effet ne sera pas rembours\u00e9. Le reste (50%) sera pay\u00e9 lors de l&#8217;admission de l&#8217;animal.<\/p>\n<p><strong>S\u00e9jour minimum<\/strong><\/p>\n<p>Nous vous demandons de garder \u00e0 l&#8217;esprit le nombre de jours convenus et que toute variation de celui-ci est toujours soumise \u00e0 disponibilit\u00e9, en particulier pendant les mois de haute saison. En haute saison, vous n&#8217;acceptez pas les r\u00e9servations pour les s\u00e9jours de moins de 7 jours, \u00e0 P\u00e2ques et \u00e0 No\u00ebl, seuls les s\u00e9jours de 5 jours sont accept\u00e9s. En basse saison, le nombre minimum de jours accept\u00e9s est de 3 jours.<\/p>\n<p>Extras au prix du s\u00e9jour:<\/p>\n<p>Il y a d&#8217;autres services optionnels qui sont consid\u00e9r\u00e9s comme suppl\u00e9mentaires pour rester, \u00e0 savoir: les baignoires et les ciseaux, qui ne seront fournis que par indication expresse du propri\u00e9taire et seront factur\u00e9s \u00e0 la fin du s\u00e9jour.<\/p>\n<p>Soins infirmiers v\u00e9t\u00e9rinaires \u00e0 savoir administrer des m\u00e9dicaments ou des pansements ou tout autre acte sont impos\u00e9s s\u00e9par\u00e9ment du s\u00e9jour.<\/p>\n<p>Lorsque le client souhaite ajouter des jours au s\u00e9jour pr\u00e9c\u00e9demment contract\u00e9 avec l&#8217;animal \u00e0 l&#8217;h\u00f4tel, et s&#8217;il y a un poste vacant, les jours suppl\u00e9mentaires ne b\u00e9n\u00e9ficient pas de remises associ\u00e9es, en particulier dans le cas des partenariats que nous avons.<\/p>\n<p>Administration de m\u00e9dicaments: En plus de la valeur du s\u00e9jour.<\/p>\n<p>Pansements: Variable selon le mat\u00e9riel n\u00e9cessaire et le type de pansement en question.<\/p>\n<p>Autres proc\u00e9dures: Pour toute autre situation suppl\u00e9mentaire mentionn\u00e9e ci-dessus, veuillez nous contacter.<\/p>\n<p>Gardez \u00e0 l&#8217;esprit que les animaux ayant un temp\u00e9rament tr\u00e8s difficile et \/ ou qui rendent difficile la prise de m\u00e9dicaments ne peuvent \u00eatre tenus responsables de leur prise.<\/p>\n<p>Toutes les proc\u00e9dures n\u00e9cessitant une intervention m\u00e9dicale \/ v\u00e9t\u00e9rinaire seront toujours factur\u00e9es s\u00e9par\u00e9ment et ne seront pas incluses dans le montant convenu pour le s\u00e9jour.<\/p>\n<p>Le co\u00fbt des m\u00e9dicaments n&#8217;est pas inclus dans le tarif journalier et est factur\u00e9 s\u00e9par\u00e9ment.<\/p>\n<p>Les tarifs \u00e0 payer pour le s\u00e9jour sont journaliers, compter de 10h le jour de l&#8217;arriv\u00e9e jusqu&#8217;\u00e0 20h le jour du d\u00e9part.<\/p>\n<p>Si le propri\u00e9taire pour une raison autre que nos services d\u00e9cide d&#8217;\u00e9lever l&#8217;animal avant la p\u00e9riode convenue, il n&#8217;y a pas de retour des montants pay\u00e9s.<\/p>\n<p>Le choix des suites est fait en fonction de la disponibilit\u00e9 des suites et du nombre d&#8217;animaux \u00e0 h\u00e9berger. La distribution des animaux nous appartient.<\/p>\n<p>Le chien orange n&#8217;est pas responsable des maladies que l&#8217;animal souffre ou subira pendant ou apr\u00e8s la p\u00e9riode de s\u00e9jour.<\/p>\n<p>En cas de modification significative de la sant\u00e9 de l&#8217;animal, Orange Dog s&#8217;engage \u00e0 en avertir le propri\u00e9taire ou son repr\u00e9sentant.<\/p>\n<p>Ne pas \u00eatre en contact possible et avoir de l&#8217;urgence Le chien orange fournira l&#8217;accompagnement v\u00e9t\u00e9rinaire de l&#8217;animal qui variera en fonction de la gravit\u00e9 de la situation.<\/p>\n<p>Veuillez noter que toutes les d\u00e9penses encourues dans ces circonstances seront factur\u00e9es au propri\u00e9taire.<br \/> En cas de besoin d&#8217;intervention du v\u00e9t\u00e9rinaire assistant, ceci n&#8217;est pas inclus dans le tarif journalier.<\/p>\n<p>Le d\u00e9faut d&#8217;\u00e9lever l&#8217;animal \u00e0 la fin du s\u00e9jour sans pr\u00e9avis implique une augmentation de prix de 100% les jours suppl\u00e9mentaires.<\/p>\n<p>Le chien orange se r\u00e9serve le droit de r\u00e9tention de l&#8217;animal h\u00e9berg\u00e9 \u00e0 la fin du s\u00e9jour alors que les montants en dette ne sont pas pay\u00e9s.<\/p>\n<p>S&#8217;il n&#8217;y a pas de contact du propri\u00e9taire pour ramasser l&#8217;animal \u00e0 la fin de la p\u00e9riode convenue, O C\u00e3o Laranja vous en informera. Si l&#8217;animal n&#8217;est pas lev\u00e9 dans les quinze jours de la notification, O C\u00e3o Laranja aura le droit de prendre toutes les mesures l\u00e9gales qu&#8217;il juge n\u00e9cessaires.<\/p>\n<p>Temps pour les entr\u00e9es et les sorties<\/p>\n<p>Billets en basse saison:<br \/>\nDu lundi au vendredi: de 10h00 \u00e0 13h00<br \/>\nSamedi: de 9h00 \u00e0 13h00<br \/>\nDimanche et Feriados: de 16h00 \u00e0 18h00<\/p>\n<p><strong>Billets haute saison:<\/strong><br \/>\nDu lundi au vendredi: de 9h00 \u00e0 13h00<br \/>\nSamedi: de 9h00 \u00e0 13h00<br \/>\nDimanche et Feriados: de 16h00 \u00e0 18h00<\/p>\n<p><strong>D\u00e9parts en basse saison:<\/strong><br \/>\nDu lundi au vendredi: de 15h00 \u00e0 20h00<br \/>\nLe samedi: de 14h00 \u00e0 18h00<br \/>\nDimanche et Feriados: de 18h00 \u00e0 20h00<\/p>\n<p><strong>D\u00e9parts en haute saison:<\/strong><br \/>\nDu lundi au vendredi: de 15h00 \u00e0 20h00<br \/>\nLe samedi: de 14h00 \u00e0 18h00<br \/>\nDimanche et Feriados: de 18h00 \u00e0 20h00<\/p>\n<p>Pendant la p\u00e9riode de No\u00ebl et du Nouvel An, l&#8217;enregistrement et le d\u00e9part les 12 et 24 et le 31 d\u00e9cembre sont possibles jusqu&#8217;\u00e0 13h00.<\/p>\n<p>Il n&#8217;y a aucune entr\u00e9e ou sortie le 25\/12 et le 01\/01.<\/p>\n<p><strong>Visites \u00e0 notre espace:<\/strong><\/p>\n<p>Nous sommes toujours disponibles pour vous de visiter nos installations. Vous pouvez le faire pendant nos heures de service public pendant les mois de basse saison: du lundi au vendredi de 15h00 \u00e0 19h00 et le samedi de 14h00 \u00e0 18h00.<\/p>\n<p>En haute saison, nous avons un horaire sp\u00e9cifique pour les visites: du lundi au vendredi de 18h00 \u00e0 20h00 et le samedi de 16h00 \u00e0 18h00.<\/p>\n<p>En raison du volume de travail \u00e0 ces p\u00e9riodes de l&#8217;ann\u00e9e, nous vous demandons de respecter ces horaires afin de mieux vous servir et mieux vous servir.<br \/>\nLes visites n&#8217;ont pas lieu le dimanche. L&#8217;espace du Centre d&#8217;Esth\u00e9tique Animale et du Magasin sont ferm\u00e9s. Trouver l&#8217;h\u00f4tel pour travailler avec le calendrier des entr\u00e9es et sorties mentionn\u00e9es ci-dessus.<\/p>\n<p>Restez pour les rongeurs<\/p>\n<p>Nous avons \u00e9galement re\u00e7u de petits animaux (lapins et cochons d&#8217;Inde)<\/p>\n<p>Les valeurs \u00e0 consid\u00e9rer en basse saison sont: 7 euros \/ jour par animal avec substrat d&#8217;alimentation, de foin et de cage.<\/p>\n<p>Les valeurs \u00e0 consid\u00e9rer en haute saison sont: 9 euros \/ jour par animal.<\/p>\n<p>Pour les propri\u00e9taires avec 2 animaux ou plus, nous avons des avantages sp\u00e9ciaux: le deuxi\u00e8me animal et de ce fait a une r\u00e9duction de 50% sur le quotidien de l&#8217;animal respectif.<\/p>\n<p>Ces valeurs sont valables pour l&#8217;h\u00e9bergement dans un espace propre pour abriter des lapins et des cobayes. La m\u00eame chose est soumise \u00e0 disponibilit\u00e9. S&#8217;il n&#8217;y a pas de disponibilit\u00e9, ces valeurs sont maintenues pour les animaux qui sont log\u00e9s dans leur cage, et \u00e0 cette fin apporter la m\u00eame chose.<\/p>\n<p>Si vous voulez que l&#8217;animal au lieu de votre propre espace ou de votre cage ait une suite disponible (valable pour les lapins et les cobayes en Inde) vous devriez consid\u00e9rer les valeurs valables pour un s\u00e9jour de chat au-dessus de la discrimination.<\/p>\n<p>Pour toute clarification, n&#8217;h\u00e9sitez pas \u00e0 nous contacter.<\/p>\n<p>Propret\u00e9 et d\u00e9sinfection de l&#8217;h\u00f4tel<\/p>\n<p>Notre espace est d\u00e9sinfect\u00e9 quotidiennement avec l&#8217;utilisation de produits d\u00e9tergents et d\u00e9sinfectants adapt\u00e9s au logement des animaux, dans ce cas particulier des chats. Le nettoyage des sols, des surfaces et des graviers est effectu\u00e9 quotidiennement. Are\u00e3o est nettoy\u00e9 le matin et \u00e0 la fin de la journ\u00e9e pour recueillir les d\u00e9chets. De cette fa\u00e7on, nous gardons la m\u00eame propret\u00e9 et \u00e9vitons les mauvaises odeurs. Il est compl\u00e8tement vers\u00e9, lav\u00e9, d\u00e9sinfect\u00e9 et une nouvelle r\u00e9ponse de gr\u00e8s hebdomadaire. Nous avons un service de blanchisserie, chaque fois qu&#8217;un animal quitte toutes les couvertures et les coussins utilis\u00e9s par le m\u00eame sont lav\u00e9s et s\u00e9ch\u00e9s \u00e0 des temp\u00e9ratures \u00e9lev\u00e9es afin de les garder correctement nettoy\u00e9s. Les mangeoires et abreuvoirs utilis\u00e9s sont correctement nettoy\u00e9s et d\u00e9sinfect\u00e9s ainsi que les bacs \u00e0 liti\u00e8re utilis\u00e9s. En aucun cas, de tels ustensiles ne peuvent \u00eatre mis \u00e0 la disposition d&#8217;un autre animal sans une d\u00e9sinfection appropri\u00e9e.<\/p>\n<h3 style=\"text-align: center;\"><strong>CONTACT<\/strong><\/h3>\n<p>[contact-form-7 id=&#8221;7&#8243; title=&#8221;Formul\u00e1rio de contacto 1&#8243;]<\/p>\n<p>Si vous avez des questions n&#8217;h\u00e9sitez pas \u00e0 nous contacter, nous serons \u00e0 votre disposition pour clarifier tous vos doutes et vous fournir toutes les informations que vous estimez n\u00e9cessaires.<\/p>\n<table border=\"0\" width=\"100%\" cellspacing=\"0\" cellpadding=\"0\">\n<tbody>\n<tr>\n<td align=\"left\" valign=\"middle\" width=\"45\" height=\"50\"><img loading=\"lazy\" decoding=\"async\" src=\"https:\/\/ocaolaranja.com\/fr\/wp-content\/uploads\/2015\/10\/email25.png\" alt=\"email25\" width=\"26\" height=\"26\" \/><\/td>\n<td>\u00a0<a href=\"tel:+351 938 315 317\" target=\"_blank\">938 315 317<\/a> \/ <a href=\"tel: +351 212 430 920\" target=\"_blank\">212 430 920<\/a><\/td>\n<\/tr>\n<tr>\n<td align=\"left\" valign=\"middle\" width=\"45\" height=\"50\"><img loading=\"lazy\" decoding=\"async\" src=\"https:\/\/ocaolaranja.com\/fr\/wp-content\/uploads\/2015\/10\/email251.png\" alt=\"email25\" width=\"26\" height=\"26\" \/><\/td>\n<td>\u00a0<a href=\"&#x6d;a&#x69;&#108;&#x74;&#x6f;:&#x67;&#101;&#x72;&#x61;l&#x40;&#111;&#x63;&#x61;o&#x6c;&#97;&#x72;&#x61;n&#x6a;&#97;&#x2e;&#x63;o&#x6d;\" target=\"_blank\">&#103;&#x65;&#114;&#x61;&#108;&#x40;&#111;&#x63;a&#x6f;l&#x61;r&#x61;n&#106;&#x61;&#46;&#x63;&#111;&#x6d;<\/a><\/td>\n<\/tr>\n<tr>\n<td align=\"left\" valign=\"middle\" width=\"45\" height=\"50\"><img loading=\"lazy\" decoding=\"async\" src=\"https:\/\/ocaolaranja.com\/fr\/wp-content\/uploads\/2015\/10\/morada25.png\" alt=\"morada25\" width=\"26\" height=\"26\" \/><\/td>\n<td><a href=\"https:\/\/www.google.pt\/maps\/place\/Praceta+Infant%C3%A1rio+7,+2720-304+Reboleira\/@38.7481021,-9.2301869,17z\/data=!3m1!4b1!4m2!3m1!1s0xd1ecd0206288897:0x9f7685764fe890d0\" target=\"_blank\" rel=\"noopener\">Praceta do Infant\u00e1rio 7 Loja B, Reboleira<\/a><br \/><a href=\"https:\/\/www.google.pt\/maps\/place\/Praceta+Infant%C3%A1rio+7,+2720-304+Reboleira\/@38.7481021,-9.2301869,17z\/data=!3m1!4b1!4m2!3m1!1s0xd1ecd0206288897:0x9f7685764fe890d0\" target=\"_blank\" rel=\"noopener\">2720-304 Amadora<\/a><\/td>\n<\/tr>\n<\/tbody>\n<\/table>\n<p><strong>Heures de service client<\/strong><\/p>\n<p>Du lundi au vendredi de 10h30 \u00e0 13h00 et de 15h00 \u00e0 20h00<br \/>\nLes samedis de 9h \u00e0 13h et de 14h \u00e0 18h<\/p>\n<p>\t\t\t\t<img loading=\"lazy\" decoding=\"async\" src=\"https:\/\/ocaolaranja.com\/fr\/wp-content\/uploads\/2015\/10\/facebook601.png\" alt=\"facebook60\" itemprop=\"image\" height=\"68\" width=\"68\"  \/><\/p>\n<p><a href=\"https:\/\/www.facebook.com\/ocaolaranja\" target=\"_blank\" rel=\"noopener\">O C\u00e3o Laranja<\/a><\/p>\n<p>\t\t\t\t<img loading=\"lazy\" decoding=\"async\" src=\"https:\/\/ocaolaranja.com\/fr\/wp-content\/uploads\/2015\/10\/facebook601.png\" alt=\"facebook60\" itemprop=\"image\" height=\"68\" width=\"68\"  \/><\/p>\n<p><a href=\"https:\/\/www.facebook.com\/hotelparagatoslisboa\" target=\"_blank\" rel=\"noopener\">Hotel para Gatos Lisboa<\/a><\/p>\n<p>\t\t\t\t<img loading=\"lazy\" decoding=\"async\" src=\"https:\/\/ocaolaranja.com\/fr\/wp-content\/uploads\/2015\/10\/instagram60.png\" alt=\"instagram60\" itemprop=\"image\" height=\"78\" width=\"78\"  \/><\/p>\n<p><a href=\"https:\/\/instagram.com\/hotel_para_gatos_lisboa\/\" target=\"_blank\" rel=\"noopener\">Hotel para Gatos Lisboa<\/a><\/p>\n","protected":false},"excerpt":{"rendered":"<p>HOTEL POUR CHATS Notre h\u00f4tel a les meilleures conditions pour le s\u00e9jour de votre chat, depuis les suites spacieuses et individuelles, le parc d&#8217;attractions f\u00e9lin, la ventilation, la climatisation et les soins sp\u00e9cialis\u00e9s d&#8217;une infirmi\u00e8re v\u00e9t\u00e9rinaire. L&#8217;h\u00f4tel a de la musique ambiante. Les parcs d&#8217;attractions sont grands \u00e9tant enrichis avec des grattoirs, des tunnels, des&hellip;<\/p>\n","protected":false},"author":3,"featured_media":0,"parent":0,"menu_order":0,"comment_status":"closed","ping_status":"closed","template":"","meta":{"footnotes":""},"class_list":["post-16","page","type-page","status-publish","hentry"],"_links":{"self":[{"href":"https:\/\/ocaolaranja.com\/fr\/wp-json\/wp\/v2\/pages\/16","targetHints":{"allow":["GET"]}}],"collection":[{"href":"https:\/\/ocaolaranja.com\/fr\/wp-json\/wp\/v2\/pages"}],"about":[{"href":"https:\/\/ocaolaranja.com\/fr\/wp-json\/wp\/v2\/types\/page"}],"author":[{"embeddable":true,"href":"https:\/\/ocaolaranja.com\/fr\/wp-json\/wp\/v2\/users\/3"}],"replies":[{"embeddable":true,"href":"https:\/\/ocaolaranja.com\/fr\/wp-json\/wp\/v2\/comments?post=16"}],"version-history":[{"count":0,"href":"https:\/\/ocaolaranja.com\/fr\/wp-json\/wp\/v2\/pages\/16\/revisions"}],"wp:attachment":[{"href":"https:\/\/ocaolaranja.com\/fr\/wp-json\/wp\/v2\/media?parent=16"}],"curies":[{"name":"wp","href":"https:\/\/api.w.org\/{rel}","templated":true}]}}