{"id":18,"date":"2015-10-26T01:10:22","date_gmt":"2015-10-26T00:10:22","guid":{"rendered":"https:\/\/ocaolaranja.com\/fr\/?page_id=18"},"modified":"2018-05-19T19:06:58","modified_gmt":"2018-05-19T18:06:58","slug":"contactos","status":"publish","type":"page","link":"https:\/\/ocaolaranja.com\/fr\/contactos\/","title":{"rendered":"Contactos"},"content":{"rendered":"<p>\t\t\t<a href=\"https:\/\/www.google.pt\/maps\/place\/Praceta+Infant%C3%A1rio+7,+2720-211+Amadora\/@38.747694,-9.22809,17z\/data=!4m2!3m1!1s0xd1eccfdf78f8e55:0x7ac0647e6247bcb3\" target=\"_blank\" role=\"button\" rel=\"noopener\" ><br \/>\n\t\t\t\t\t\t\tOUVRIR SUR GOOGLE MAPS<br \/>\n\t\t\t\t\t<\/a><\/p>\n<h3><strong>CONTACT<\/strong><\/h3>\n<h3>\n\t\t<\/h3>\n<\/p>\n<form id=\"wpforms-form-862\" data-formid=\"862\" method=\"post\" enctype=\"multipart\/form-data\" action=\"\/fr\/contactos\/?fl_builder#wpforms-862\"><label for=\"wpforms-862-field_2\">Mensagem *<\/label><textarea id=\"wpforms-862-field_2\" name=\"wpforms[fields][2]\" placeholder=\"Por favor deixe a sua mensagem\" required><\/textarea><label for=\"wpforms-862-field_0\">Nome *<\/label><input type=\"text\" id=\"wpforms-862-field_0\" name=\"wpforms[fields][0]\" placeholder=\"Nome\" required><label for=\"wpforms-862-field_7\">Telefone *<\/label><input type=\"text\" id=\"wpforms-862-field_7\" name=\"wpforms[fields][7]\" placeholder=\"Telefone\" required><label for=\"wpforms-862-field_1\">Email *<\/label><input type=\"email\" id=\"wpforms-862-field_1\" name=\"wpforms[fields][1]\" placeholder=\"Email\" required><label for=\"wpforms-862-field_3\">Declara\u00e7\u00e3o de Privacidade *<\/label><\/p>\n<ul id=\"wpforms-862-field_3\">\n<li><input type=\"checkbox\" id=\"wpforms-862-field_3_2\" name=\"wpforms[fields][3][]\" value=\"Li e concordo com a &lt;a href=&quot;https:\/\/sitesewebdesign.com\/politica-de-privacidade&quot; target=&quot;_blank&quot;&gt;declara\u00e7\u00e3o de privacidade&lt;\/a&gt;\" required ><label for=\"wpforms-862-field_3_2\">Li e concordo com a <a href=\"https:\/\/sitesewebdesign.com\/politica-de-privacidade\" target=\"_blank\" rel=\"noopener\">declara\u00e7\u00e3o de privacidade<\/a><\/label><\/li>\n<\/ul>\n<p><label for=\"wpforms-field_hp\">Website<\/label><input type=\"text\" name=\"wpforms[hp]\" id=\"wpforms-field_hp\"><input type=\"hidden\" name=\"wpforms[id]\" value=\"862\"><input type=\"hidden\" name=\"wpforms[author]\" value=\"0\"><input type=\"hidden\" name=\"wpforms[post_id]\" value=\"18\"><button type=\"submit\" name=\"wpforms[submit]\" id=\"wpforms-submit-862\" value=\"wpforms-submit\" data-alt-text=\"A ENVIAR...\">ENVIAR<\/button><\/form>\n<p>Si vous avez des questions n&#8217;h\u00e9sitez pas \u00e0 nous contacter, nous serons \u00e0 votre disposition pour clarifier tous vos doutes et vous fournir toutes les informations que vous estimez n\u00e9cessaires.<\/p>\n<table border=\"0\" width=\"100%\" cellspacing=\"0\" cellpadding=\"0\">\n<tbody>\n<tr>\n<td align=\"left\" valign=\"middle\" width=\"45\" height=\"50\"><img loading=\"lazy\" decoding=\"async\" src=\"https:\/\/ocaolaranja.com\/fr\/wp-content\/uploads\/2015\/10\/email25.png\" alt=\"email25\" width=\"26\" height=\"26\" \/><\/td>\n<td>\u00a0<a href=\"tel:+351 938 315 317\" target=\"_blank\">938 315 317<\/a> \/ <a href=\"tel: +351 212 430 920\" target=\"_blank\">212 430 920<\/a><\/td>\n<\/tr>\n<tr>\n<td align=\"left\" valign=\"middle\" width=\"45\" height=\"50\"><img loading=\"lazy\" decoding=\"async\" src=\"https:\/\/ocaolaranja.com\/fr\/wp-content\/uploads\/2015\/10\/email251.png\" alt=\"email25\" width=\"26\" height=\"26\" \/><\/td>\n<td>\u00a0<a href=\"&#x6d;a&#x69;&#108;&#x74;&#111;&#x3a;&#x67;e&#x72;&#97;&#x6c;&#64;&#x6f;&#99;a&#x6f;&#108;&#x61;&#114;&#x61;&#110;j&#x61;&#46;&#x63;&#111;&#x6d;\" target=\"_blank\">&#x67;&#101;&#114;a&#x6c;&#x40;&#111;c&#x61;&#x6f;&#108;ar&#x61;&#110;&#106;a&#x2e;&#x63;&#111;m<\/a><\/td>\n<\/tr>\n<tr>\n<td align=\"left\" valign=\"middle\" width=\"45\" height=\"50\"><img loading=\"lazy\" decoding=\"async\" src=\"https:\/\/ocaolaranja.com\/fr\/wp-content\/uploads\/2015\/10\/morada25.png\" alt=\"morada25\" width=\"26\" height=\"26\" \/><\/td>\n<td><a href=\"https:\/\/www.google.pt\/maps\/place\/Praceta+Infant%C3%A1rio+7,+2720-304+Reboleira\/@38.7481021,-9.2301869,17z\/data=!3m1!4b1!4m2!3m1!1s0xd1ecd0206288897:0x9f7685764fe890d0\" target=\"_blank\" rel=\"noopener\">Praceta do Infant\u00e1rio 7 Loja B, Reboleira<\/a><br \/><a href=\"https:\/\/www.google.pt\/maps\/place\/Praceta+Infant%C3%A1rio+7,+2720-304+Reboleira\/@38.7481021,-9.2301869,17z\/data=!3m1!4b1!4m2!3m1!1s0xd1ecd0206288897:0x9f7685764fe890d0\" target=\"_blank\" rel=\"noopener\">2720-304 Amadora<\/a><\/td>\n<\/tr>\n<\/tbody>\n<\/table>\n<p><strong>Heures de service client<\/strong><\/p>\n<p>Du lundi au vendredi de 10h30 \u00e0 13h00 et de 15h00 \u00e0 20h00<br \/>\nLes samedis de 9h \u00e0 13h et de 14h \u00e0 18h<\/p>\n<p>\t\t\t\t<img loading=\"lazy\" decoding=\"async\" src=\"https:\/\/ocaolaranja.com\/fr\/wp-content\/uploads\/2015\/10\/facebook601.png\" alt=\"facebook60\" itemprop=\"image\" height=\"68\" width=\"68\" title=\"facebook60\"  \/><\/p>\n<p><a href=\"https:\/\/www.facebook.com\/ocaolaranja\" target=\"_blank\" rel=\"noopener\">O C\u00e3o Laranja<\/a><\/p>\n<p>\t\t\t\t<img loading=\"lazy\" decoding=\"async\" src=\"https:\/\/ocaolaranja.com\/fr\/wp-content\/uploads\/2015\/10\/facebook601.png\" alt=\"facebook60\" itemprop=\"image\" height=\"68\" width=\"68\" title=\"facebook60\"  \/><\/p>\n<p><a href=\"https:\/\/www.facebook.com\/hotelparagatoslisboa\" target=\"_blank\" rel=\"noopener\">Hotel para Gatos Lisboa<\/a><\/p>\n<p>\t\t\t\t<img loading=\"lazy\" decoding=\"async\" src=\"https:\/\/ocaolaranja.com\/fr\/wp-content\/uploads\/2015\/10\/instagram60.png\" alt=\"instagram60\" itemprop=\"image\" height=\"78\" width=\"78\" title=\"instagram60\"  \/><\/p>\n<p><a href=\"https:\/\/instagram.com\/hotel_para_gatos_lisboa\/\" target=\"_blank\" rel=\"noopener\">Hotel para Gatos Lisboa<\/a><\/p>\n","protected":false},"excerpt":{"rendered":"<p>OUVRIR SUR GOOGLE MAPS CONTACT Mensagem *Nome *Telefone *Email *Declara\u00e7\u00e3o de Privacidade * Li e concordo com a declara\u00e7\u00e3o de privacidade WebsiteENVIAR Si vous avez des questions n&#8217;h\u00e9sitez pas \u00e0 nous contacter, nous serons \u00e0 votre disposition pour clarifier tous vos doutes et vous fournir toutes les informations que vous estimez n\u00e9cessaires. \u00a0938 315 317&hellip;<\/p>\n","protected":false},"author":3,"featured_media":0,"parent":0,"menu_order":0,"comment_status":"closed","ping_status":"closed","template":"","meta":{"footnotes":""},"class_list":["post-18","page","type-page","status-publish","hentry"],"_links":{"self":[{"href":"https:\/\/ocaolaranja.com\/fr\/wp-json\/wp\/v2\/pages\/18","targetHints":{"allow":["GET"]}}],"collection":[{"href":"https:\/\/ocaolaranja.com\/fr\/wp-json\/wp\/v2\/pages"}],"about":[{"href":"https:\/\/ocaolaranja.com\/fr\/wp-json\/wp\/v2\/types\/page"}],"author":[{"embeddable":true,"href":"https:\/\/ocaolaranja.com\/fr\/wp-json\/wp\/v2\/users\/3"}],"replies":[{"embeddable":true,"href":"https:\/\/ocaolaranja.com\/fr\/wp-json\/wp\/v2\/comments?post=18"}],"version-history":[{"count":0,"href":"https:\/\/ocaolaranja.com\/fr\/wp-json\/wp\/v2\/pages\/18\/revisions"}],"wp:attachment":[{"href":"https:\/\/ocaolaranja.com\/fr\/wp-json\/wp\/v2\/media?parent=18"}],"curies":[{"name":"wp","href":"https:\/\/api.w.org\/{rel}","templated":true}]}}