{"id":25,"date":"2015-10-26T01:12:36","date_gmt":"2015-10-26T00:12:36","guid":{"rendered":"https:\/\/ocaolaranja.com\/fr\/?page_id=25"},"modified":"2019-11-06T15:01:28","modified_gmt":"2019-11-06T15:01:28","slug":"inicio","status":"publish","type":"page","link":"https:\/\/ocaolaranja.com\/fr\/","title":{"rendered":"In\u00edcio"},"content":{"rendered":"\n\t<h1>O C\u00e3o Laranja (Le Chien Orange)<\/h1>\n<h1><strong>HOTEL POUR CHATS \u2022 SALON DE BEAUT\u00c9 ET DE BIEN-\u00caTRE \u2022 MAGASINS D&#8217;ANIMAUX<\/strong><\/h1>\n\t\t\t\t<img loading=\"lazy\" decoding=\"async\" src=\"https:\/\/ocaolaranja.com\/fr\/wp-content\/uploads\/2015\/10\/hotelgatos-e1446250175872.jpg\" alt=\"hotelgatos\" itemprop=\"image\" height=\"308\" width=\"541\" title=\"hotelgatos\" onerror=\"this.style.display='none'\"  \/>\n\t<h1><strong>HOTEL POUR CHATS<\/strong><\/h1>\n\t<p>Notre H\u00f4tel offre les meilleures conditions pour le s\u00e9jour de votre chat, des suites spacieuses et individuelles, deux parcs d&#8217;attractions pour les f\u00e9lins, la ventilation, la climatisation et les soins sp\u00e9cialis\u00e9s d&#8217;une infirmi\u00e8re v\u00e9t\u00e9rinaire.<\/p>\n\n\t\t\t<a href=\"https:\/\/ocaolaranja.com\/fr\/hotel-para-gatos\" target=\"_self\" role=\"button\" rel=\"noopener noreferrer\">\n\t\t\t\t\t\t\tINFORMATIONS D\u00c9TAILL\u00c9ES\n\t\t\t\t\t<\/a>\n\t\t\t\t<img loading=\"lazy\" decoding=\"async\" src=\"https:\/\/ocaolaranja.com\/fr\/wp-content\/uploads\/2015\/10\/SAM_6214-1024x768.jpg\" alt=\"SAM_6214\" itemprop=\"image\" height=\"600\" width=\"800\" title=\"SAM_6214\" onerror=\"this.style.display='none'\"  \/>\n\t<h1><strong>SALON DE BEAUT\u00c9 ET DE BIEN \u00caTRE<\/strong><\/h1>\n\tNous avons une salon enti\u00e8rement \u00e9quip\u00e9e afin de garantir l&#8217;hygi\u00e8ne parfaite et l&#8217;esth\u00e9tique de votre animal de compagnie.<br \/>\nDans cet espace, votre animal peut profiter des soins d&#8217;hygi\u00e8ne n\u00e9cessaires \u00e0 votre bien-\u00eatre, du bain au cisaillement, en passant par le nettoyage des oreilles et la coupe des ongles.\n\t\t\t<a href=\"https:\/\/ocaolaranja.com\/fr\/banhos-e-tosquias\" target=\"_self\" role=\"button\" rel=\"noopener noreferrer\">\n\t\t\t\t\t\t\tINFORMATIONS D\u00c9TAILL\u00c9ES\n\t\t\t\t\t<\/a>\n\t\t\t\t<img loading=\"lazy\" decoding=\"async\" src=\"https:\/\/ocaolaranja.com\/fr\/wp-content\/uploads\/2015\/10\/SAM_6221.jpg\" alt=\"SAM_6221\" itemprop=\"image\" height=\"1080\" width=\"1440\" title=\"SAM_6221\" onerror=\"this.style.display='none'\"  \/>\n\t<h1><strong>MAGASINS D&#8217;ANIMAUX<\/strong><\/h1>\nNous avons une animalerie o\u00f9 vous pouvez trouver tout ce dont vous avez besoin pour votre animal de compagnie.\u00a0De jouets, produits d&#8217;hygi\u00e8ne, aliments secs et humides des marques vari\u00e9es du march\u00e9 ainsi que tout ce dont vous avez besoin pour le confort de votre\u00a0amoureux des animaux.\n\t\t\t<a href=\"https:\/\/ocaolaranja.com\/fr\/petshop\" target=\"_self\" role=\"button\" rel=\"noopener noreferrer\">\n\t\t\t\t\t\t\tINFORMATIONS D\u00c9TAILL\u00c9ES\n\t\t\t\t\t<\/a>\n\t<h3><strong>CONTACT<\/strong><\/h3>\n\t<h3>\n\t\t<\/h3>\n\t\n\t\t\n    <form id=\"wpforms-form-862\" data-formid=\"862\" method=\"post\" enctype=\"multipart\/form-data\" action=\"\/fr\/?fl_builder\"><label for=\"wpforms-862-field_2\">Message *<\/label><textarea id=\"wpforms-862-field_2\" name=\"wpforms[fields][2]\" placeholder=\"Merci de laisser un message\" required><\/textarea><label for=\"wpforms-862-field_0\">Nom *<\/label><input type=\"text\" id=\"wpforms-862-field_0\" name=\"wpforms[fields][0]\" placeholder=\"Nom\" required><label for=\"wpforms-862-field_7\">T\u00e9l\u00e9phone *<\/label><input type=\"text\" id=\"wpforms-862-field_7\" name=\"wpforms[fields][7]\" placeholder=\"T\u00e9l\u00e9phone\" required><label for=\"wpforms-862-field_1\">Email *<\/label><input type=\"email\" id=\"wpforms-862-field_1\" name=\"wpforms[fields][1]\" placeholder=\"Email\" required><label for=\"wpforms-862-field_3\">Politique de Confidentialit\u00e9 *<\/label><ul id=\"wpforms-862-field_3\"><li><input type=\"checkbox\" id=\"wpforms-862-field_3_2\" name=\"wpforms[fields][3][]\" value=\"J&#039;ai lu et j&#039;accepte la &lt;a href=&quot;https:\/\/ocaolaranja.com\/fr\/politique-de-confidentialite&quot; target=&quot;_blank&quot;&gt;politique de confidentialit\u00e9&lt;\/a&gt;\" required ><label for=\"wpforms-862-field_3_2\">J&#8217;ai lu et j&#8217;accepte la <a href=\"https:\/\/ocaolaranja.com\/fr\/politique-de-confidentialite\" target=\"_blank\" rel=\"noopener noreferrer\">politique de confidentialit\u00e9<\/a><\/label><\/li><\/ul><label for=\"wpforms-862-field-hp\">Email<\/label><input type=\"text\" name=\"wpforms[hp]\" id=\"wpforms-862-field-hp\"><input type=\"hidden\" name=\"wpforms[id]\" value=\"862\"><input type=\"hidden\" name=\"wpforms[author]\" value=\"0\"><input type=\"hidden\" name=\"wpforms[post_id]\" value=\"25\"><button type=\"submit\" name=\"wpforms[submit]\" id=\"wpforms-submit-862\" value=\"wpforms-submit\" aria-live=\"assertive\" data-alt-text=\"ENVOYER...\" data-submit-text=\"ENVOYER\">ENVOYER<\/button><\/form>  <!-- .wpforms-container -->\n\t<p>Si vous avez des questions n&#8217;h\u00e9sitez pas \u00e0 nous contacter, nous serons \u00e0 votre disposition pour clarifier tous vos doutes et vous fournir toutes les informations que vous estimez n\u00e9cessaires.<\/p>\n\t<table border=\"0\" width=\"100%\" cellspacing=\"0\" cellpadding=\"0\">\n<tbody>\n<tr>\n<td align=\"left\" valign=\"middle\" width=\"45\" height=\"50\"><img loading=\"lazy\" decoding=\"async\" src=\"https:\/\/ocaolaranja.com\/fr\/wp-content\/uploads\/2015\/10\/email25.png\" alt=\"email25\" width=\"26\" height=\"26\" \/><\/td>\n<td>\u00a0<a href=\"tel:+351 938 315 317\" target=\"_blank\" rel=\"noopener noreferrer\">938 315 317<\/a> \/ <a href=\"tel: +351 212 430 920\" target=\"_blank\" rel=\"noopener noreferrer\">212 430 920<\/a><\/td>\n<\/tr>\n<tr>\n<td align=\"left\" valign=\"middle\" width=\"45\" height=\"50\"><img loading=\"lazy\" decoding=\"async\" src=\"https:\/\/ocaolaranja.com\/fr\/wp-content\/uploads\/2015\/10\/email251.png\" alt=\"email25\" width=\"26\" height=\"26\" \/><\/td>\n<td>\u00a0<a href=\"&#x6d;&#97;i&#x6c;&#116;&#111;&#x3a;&#x67;&#101;r&#x61;&#108;&#64;&#x6f;&#x63;&#97;o&#x6c;&#97;r&#x61;&#x6e;&#106;a&#x2e;&#99;o&#x6d;\" target=\"_blank\" rel=\"noopener noreferrer\">&#103;&#x65;&#114;&#x61;&#108;&#x40;&#111;&#x63;&#97;&#x6f;&#108;&#x61;&#114;&#x61;&#110;&#x6a;&#97;&#x2e;&#99;&#x6f;&#109;<\/a><\/td>\n<\/tr>\n<tr>\n<td align=\"left\" valign=\"middle\" width=\"45\" height=\"50\"><img loading=\"lazy\" decoding=\"async\" src=\"https:\/\/ocaolaranja.com\/fr\/wp-content\/uploads\/2015\/10\/morada25.png\" alt=\"morada25\" width=\"26\" height=\"26\" \/><\/td>\n<td><a href=\"https:\/\/www.google.pt\/maps\/place\/Praceta+Infant%C3%A1rio+7,+2720-304+Reboleira\/@38.7481021,-9.2301869,17z\/data=!3m1!4b1!4m2!3m1!1s0xd1ecd0206288897:0x9f7685764fe890d0\" target=\"_blank\" rel=\"noopener noreferrer\">Praceta do Infant\u00e1rio 7 Loja B, Reboleira<\/a><br \/><a href=\"https:\/\/www.google.pt\/maps\/place\/Praceta+Infant%C3%A1rio+7,+2720-304+Reboleira\/@38.7481021,-9.2301869,17z\/data=!3m1!4b1!4m2!3m1!1s0xd1ecd0206288897:0x9f7685764fe890d0\" target=\"_blank\" rel=\"noopener noreferrer\">2720-304 Amadora<\/a><\/td>\n<\/tr>\n<\/tbody>\n<\/table>\n\t<p><strong>Heures de service client<\/strong><\/p>\nDu lundi au vendredi de 10h30 \u00e0 13h00 et de 15h00 \u00e0 20h00<br \/>\nLes samedis de 9h \u00e0 13h et de 14h \u00e0 18h\n\t\t\t\t<img loading=\"lazy\" decoding=\"async\" src=\"https:\/\/ocaolaranja.com\/fr\/wp-content\/uploads\/2015\/10\/facebook601.png\" alt=\"facebook60\" itemprop=\"image\" height=\"68\" width=\"68\" title=\"facebook60\" onerror=\"this.style.display='none'\"  \/>\n\t<p><a href=\"https:\/\/www.facebook.com\/ocaolaranja\" target=\"_blank\" rel=\"noopener noreferrer\">O C\u00e3o Laranja<\/a><\/p>\n\t\t\t\t<img loading=\"lazy\" decoding=\"async\" src=\"https:\/\/ocaolaranja.com\/fr\/wp-content\/uploads\/2015\/10\/facebook601.png\" alt=\"facebook60\" itemprop=\"image\" height=\"68\" width=\"68\" title=\"facebook60\" onerror=\"this.style.display='none'\"  \/>\n\t<p><a href=\"https:\/\/www.facebook.com\/hotelparagatoslisboa\" target=\"_blank\" rel=\"noopener noreferrer\">Hotel para Gatos Lisboa<\/a><\/p>\n\t\t\t\t<img loading=\"lazy\" decoding=\"async\" src=\"https:\/\/ocaolaranja.com\/fr\/wp-content\/uploads\/2015\/10\/instagram60.png\" alt=\"instagram60\" itemprop=\"image\" height=\"78\" width=\"78\" title=\"instagram60\" onerror=\"this.style.display='none'\"  \/>\n\t<p><a href=\"https:\/\/instagram.com\/hotel_para_gatos_lisboa\/\" target=\"_blank\" rel=\"noopener noreferrer\">Hotel para Gatos Lisboa<\/a><\/p>\n","protected":false},"excerpt":{"rendered":"<p>O C\u00e3o Laranja (Le Chien Orange) HOTEL POUR CHATS \u2022 SALON DE BEAUT\u00c9 ET DE BIEN-\u00caTRE \u2022 MAGASINS D&#8217;ANIMAUX HOTEL POUR CHATS Notre H\u00f4tel offre les meilleures conditions pour le s\u00e9jour de votre chat, des suites spacieuses et individuelles, deux parcs d&#8217;attractions pour les f\u00e9lins, la ventilation, la climatisation et les soins sp\u00e9cialis\u00e9s d&#8217;une infirmi\u00e8re&hellip;<\/p>\n","protected":false},"author":3,"featured_media":0,"parent":0,"menu_order":0,"comment_status":"closed","ping_status":"closed","template":"","meta":{"footnotes":""},"class_list":["post-25","page","type-page","status-publish","hentry"],"_links":{"self":[{"href":"https:\/\/ocaolaranja.com\/fr\/wp-json\/wp\/v2\/pages\/25","targetHints":{"allow":["GET"]}}],"collection":[{"href":"https:\/\/ocaolaranja.com\/fr\/wp-json\/wp\/v2\/pages"}],"about":[{"href":"https:\/\/ocaolaranja.com\/fr\/wp-json\/wp\/v2\/types\/page"}],"author":[{"embeddable":true,"href":"https:\/\/ocaolaranja.com\/fr\/wp-json\/wp\/v2\/users\/3"}],"replies":[{"embeddable":true,"href":"https:\/\/ocaolaranja.com\/fr\/wp-json\/wp\/v2\/comments?post=25"}],"version-history":[{"count":1,"href":"https:\/\/ocaolaranja.com\/fr\/wp-json\/wp\/v2\/pages\/25\/revisions"}],"predecessor-version":[{"id":1213,"href":"https:\/\/ocaolaranja.com\/fr\/wp-json\/wp\/v2\/pages\/25\/revisions\/1213"}],"wp:attachment":[{"href":"https:\/\/ocaolaranja.com\/fr\/wp-json\/wp\/v2\/media?parent=25"}],"curies":[{"name":"wp","href":"https:\/\/api.w.org\/{rel}","templated":true}]}}