{"id":82,"date":"2015-10-30T18:40:30","date_gmt":"2015-10-30T17:40:30","guid":{"rendered":"https:\/\/ocaolaranja.com\/fr\/?page_id=82"},"modified":"2017-11-13T20:39:48","modified_gmt":"2017-11-13T19:39:48","slug":"parcerias-e-imprensa","status":"publish","type":"page","link":"https:\/\/ocaolaranja.com\/fr\/parcerias-e-imprensa\/","title":{"rendered":"Parcerias e Imprensa"},"content":{"rendered":"<h3>Partenariats<\/h3>\n<p>\t\t\t\t<img loading=\"lazy\" decoding=\"async\" src=\"https:\/\/ocaolaranja.com\/fr\/wp-content\/uploads\/2015\/10\/558673_758877194139496_1408056514_n-150x150.jpg\" alt=\"558673_758877194139496_1408056514_n\" itemprop=\"image\" height=\"150\" width=\"150\"  \/><\/p>\n<h3>LPDA<\/h3>\n<p><strong>10% de r\u00e9duction pour les membres LPDA \/ IZQC \/ AMIAMA<\/strong><\/p>\n<p style=\"text-align: justify;\">Tous les membres de la LPDA \/ IZQC \/ AMIAMA et qui pr\u00e9sentent leur carte b\u00e9n\u00e9ficient d&#8217;une r\u00e9duction de 10% sur les services de Baths and Sheets et de Cats and Rongents Accommodation.<\/p>\n<p>\t\t\t<a href=\"https:\/\/www.lpda.pt\/\" target=\"_self\" role=\"button\"><br \/>\n\t\t\t\t\t\t\tSite<br \/>\n\t\t\t\t\t<\/a><br \/>\n\t\t\t\t<img loading=\"lazy\" decoding=\"async\" src=\"https:\/\/ocaolaranja.com\/fr\/wp-content\/uploads\/2015\/10\/ilga_horizintal_new-300x178.jpg\" alt=\"ilga_horizintal_new\" itemprop=\"image\" height=\"178\" width=\"300\"  \/><\/p>\n<h3>ILGA Portugal<\/h3>\n<p><strong>10% de r\u00e9duction pour les membres<\/strong><\/p>\n<p>Pr\u00e9sentez votre carte de membre ILGA Portugal qui obtient une r\u00e9duction de 10% sur les services de Baths and Sheets et l&#8217;h\u00e9bergement dans notre h\u00f4tel pour Cats and Rongeurs.<\/p>\n<p>\t\t\t<a href=\"https:\/\/ilga-portugal.pt\/ilga\/index.php\" target=\"_self\" role=\"button\"><br \/>\n\t\t\t\t\t\t\tSite<br \/>\n\t\t\t\t\t<\/a><br \/>\n\t\t\t\t<img loading=\"lazy\" decoding=\"async\" src=\"https:\/\/ocaolaranja.com\/fr\/wp-content\/uploads\/2015\/10\/SBSI-Logotipo.jpg\" alt=\"SBSI-Logotipo\" itemprop=\"image\" height=\"112\" width=\"178\"  \/><\/p>\n<h3>SBSI<\/h3>\n<p><strong>10% de r\u00e9duction pour les membres SBSI<\/strong><\/p>\n<p style=\"text-align: justify;\">Pr\u00e9sentez votre carte de membre de la South and Islands Banking Union qui obtient une r\u00e9duction de 10% sur les services de Baths and Sheets et l&#8217;h\u00e9bergement dans notre h\u00f4tel pour Cats and Rongeurs.<\/p>\n<p>\t\t\t<a href=\"https:\/\/www.sbsi.pt\/\" target=\"_self\" role=\"button\"><br \/>\n\t\t\t\t\t\t\tSite<br \/>\n\t\t\t\t\t<\/a><br \/>\n\t\t\t\t<img loading=\"lazy\" decoding=\"async\" src=\"https:\/\/ocaolaranja.com\/fr\/wp-content\/uploads\/2015\/10\/opp.jpg\" alt=\"opp\" itemprop=\"image\" height=\"172\" width=\"113\"  \/><\/p>\n<h3>Ordem dos Psic\u00f3logos<\/h3>\n<p><strong>10% de r\u00e9duction pour les membres de l&#8217;Ordre des psychologues.<\/strong><\/p>\n<p>Pr\u00e9sentez votre carte de membre de l&#8217;Ordre des Psychologues qui obtient une r\u00e9duction de 10% dans les services de Bains et Draps et dans l&#8217;h\u00e9bergement dans notre h\u00f4tel pour Chats et Rongeurs.<\/p>\n<p>\t\t\t<a href=\"https:\/\/www.ordemdospsicologos.pt\/pt\" target=\"_self\" role=\"button\"><br \/>\n\t\t\t\t\t\t\tSite<br \/>\n\t\t\t\t\t<\/a><br \/>\n\t\t\t\t<img loading=\"lazy\" decoding=\"async\" src=\"https:\/\/ocaolaranja.com\/fr\/wp-content\/uploads\/2015\/10\/11954742_1599691970281616_5295130841536576902_n-300x162.jpg\" alt=\"11954742_1599691970281616_5295130841536576902_n\" itemprop=\"image\" height=\"162\" width=\"300\"  \/><\/p>\n<h3>AAPPF<\/h3>\n<p><strong>10% de r\u00e9duction pour les membres de l&#8217;AAPPF<\/strong><\/p>\n<p>Todos os s\u00f3cios da Associa\u00e7\u00e3o Amadora Passado, Presente e Futuro \u00a0que apresentem respectivo cart\u00e3o usufruem de desconto de 10% nos servi\u00e7os de Banhos e Tosquias e de Alojamento de Gatos e Roedores<\/p>\n<p>\t\t\t<a href=\"https:\/\/www.aappf.pt\/\" target=\"_self\" role=\"button\"><br \/>\n\t\t\t\t\t\t\tSite<br \/>\n\t\t\t\t\t<\/a><br \/>\n\t\t\t\t<img loading=\"lazy\" decoding=\"async\" src=\"https:\/\/ocaolaranja.com\/fr\/wp-content\/uploads\/bb-plugin\/cache\/OrdemEngenheiros1-150x150-circle.gif\" alt=\"OrdemEngenheiros1\" itemprop=\"image\" height=\"150\" width=\"150\"  \/><\/p>\n<h3>Ordem dos Engenheiros<\/h3>\n<p><strong>10% de r\u00e9duction pour les membres de l&#8217;Ordre des Ing\u00e9nieurs<\/strong><\/p>\n<p style=\"text-align: justify;\">Pr\u00e9sentez votre carte de membre de l&#8217;Ordre des Ing\u00e9nieurs qui obtient une r\u00e9duction de 10% dans les services de Bains et Draps et dans l&#8217;h\u00e9bergement dans notre h\u00f4tel pour Chats et Rongeurs.<\/p>\n<p>\t\t\t<a href=\"https:\/\/www.ordemengenheiros.pt\/pt\/\" target=\"_self\" role=\"button\"><br \/>\n\t\t\t\t\t\t\tSite<br \/>\n\t\t\t\t\t<\/a><br \/>\n\t\t\t\t<img loading=\"lazy\" decoding=\"async\" src=\"https:\/\/ocaolaranja.com\/fr\/wp-content\/uploads\/2015\/10\/logo-acp-150x150.jpg\" alt=\"logo-acp\" itemprop=\"image\" height=\"150\" width=\"150\"  \/><\/p>\n<h3>ACP<\/h3>\n<p><strong>10% de r\u00e9duction pour les membres<\/strong><\/p>\n<p>Pr\u00e9sentez votre carte de membre de l&#8217;Automobile Club du Portugal qui obtient une r\u00e9duction de 10% dans les services de Bains et Draps et dans l&#8217;h\u00e9bergement dans notre h\u00f4tel pour Chats et Rongeurs.<\/p>\n<p>\t\t\t<a href=\"https:\/\/www.acp.pt\/\" target=\"_self\" role=\"button\"><br \/>\n\t\t\t\t\t\t\tSite<br \/>\n\t\t\t\t\t<\/a><br \/>\n\t\t\t\t<img loading=\"lazy\" decoding=\"async\" src=\"https:\/\/ocaolaranja.com\/fr\/wp-content\/uploads\/2015\/10\/fundacao-inatel-descontos-montepio-470-220.jpg\" alt=\"fundacao-inatel-descontos-montepio-470-220\" itemprop=\"image\" height=\"220\" width=\"470\"  \/><\/p>\n<h3>INATEL<\/h3>\n<p><strong>10% de r\u00e9duction pour les membres<\/strong><\/p>\n<p style=\"text-align: justify;\">Pr\u00e9sentez votre carte de membre INATEL qui obtient une r\u00e9duction de 10% sur les services de Banhos et Tosquias et l&#8217;h\u00e9bergement dans notre h\u00f4tel pour les chats et les rongeurs.<\/p>\n<p>\t\t\t<a href=\"https:\/\/www.inatel.pt\/\" target=\"_self\" role=\"button\"><br \/>\n\t\t\t\t\t\t\tSite<br \/>\n\t\t\t\t\t<\/a><br \/>\n\t\t\t\t<img loading=\"lazy\" decoding=\"async\" src=\"https:\/\/ocaolaranja.com\/fr\/wp-content\/uploads\/2015\/10\/ab29dc36-e25a-4886-ab1b-41bb89230e16-300x126.png\" alt=\"ab29dc36-e25a-4886-ab1b-41bb89230e16\" itemprop=\"image\" height=\"126\" width=\"300\"  \/><\/p>\n<h3>Teresa Almeida<\/h3>\n<p>Avez-vous d\u00e9j\u00e0 pens\u00e9 \u00e0 voir la biographie de votre animal de compagnie mat\u00e9rialis\u00e9e? C&#8217;est le moment id\u00e9al pour le faire. Notre partenaire Teresa Almeida \u00e9crit l&#8217;histoire de son amie \u00e0 quatre pattes et la transforme en un livre, avec les caract\u00e9ristiques et le nombre de pages que vous voulez. Teresa Almeida fournit \u00e9galement des services de relecture, de traduction (anglais \/ portugais). Appui \u00e0 la r\u00e9alisation de travaux acad\u00e9miques, conseils \u00e9ditoriaux, explications d&#8217;anglais et de portugais et pr\u00e9paration aux examens nationaux de ces disciplines. Teresa Almeida, assurance qualit\u00e9.<\/p>\n<p>\t\t\t<a href=\"https:\/\/www.teresaalmeida.pt\/\" target=\"_self\" role=\"button\"><br \/>\n\t\t\t\t\t\t\tSite<br \/>\n\t\t\t\t\t<\/a><br \/>\n\t\t\t\t<img loading=\"lazy\" decoding=\"async\" src=\"https:\/\/ocaolaranja.com\/fr\/wp-content\/uploads\/2015\/10\/correr-lisboa.jpg\" alt=\"correr lisboa\" itemprop=\"image\" height=\"254\" width=\"754\"  \/><\/p>\n<h3>Correr Lisboa<\/h3>\n<p><strong>10% de r\u00e9duction pour les membres<\/strong><\/p>\n<p>Pour tous les membres Vicentes du groupe Correr Lisboa une r\u00e9duction de 10% sur les services de Bains et Draps et l&#8217;h\u00e9bergement dans notre H\u00f4tel pour Chats et Rongeurs.<\/p>\n<p>\t\t\t<a href=\"https:\/\/www.correrlisboa.com\/\" target=\"_self\" role=\"button\"><br \/>\n\t\t\t\t\t\t\tSite<br \/>\n\t\t\t\t\t<\/a><br \/>\n\t\t\t\t<img loading=\"lazy\" decoding=\"async\" src=\"https:\/\/ocaolaranja.com\/fr\/wp-content\/uploads\/2015\/10\/15350635_1373897709301452_7557697445068261505_n.jpg\" alt=\"15350635_1373897709301452_7557697445068261505_n\" itemprop=\"image\" height=\"360\" width=\"360\"  \/><\/p>\n<h3>Movimento Movido a 4 patas<\/h3>\n<p><strong>10% de r\u00e9duction pour les membres<\/strong><\/p>\n<p>Pr\u00e9sentez votre carte de membre Movimento Movido a 4 patas qui vous permet de b\u00e9n\u00e9ficier d&#8217;une r\u00e9duction de 10% sur les services de Bains et Draps et l&#8217;h\u00e9bergement dans notre h\u00f4tel pour Chats et Rongeurs.<br \/>\n\t\t\t<a href=\"https:\/\/www.movidoa4patas.com\/\" target=\"_self\" role=\"button\"><br \/>\n\t\t\t\t\t\t\tSite<br \/>\n\t\t\t\t\t<\/a><br \/>\n\t\t\t\t<img loading=\"lazy\" decoding=\"async\" src=\"https:\/\/ocaolaranja.com\/fr\/wp-content\/uploads\/2015\/10\/logo.png\" alt=\"logo\" itemprop=\"image\" height=\"287\" width=\"534\"  \/><\/p>\n<h3>Sorriso Mais<\/h3>\n<p><strong>10% de r\u00e9duction pour les membres<\/strong><br \/>\nPr\u00e9sentez votre carte de membre de Sorriso Mais qui obtient une r\u00e9duction de 10% dans les services de Bains et Draps et dans l&#8217;h\u00e9bergement dans notre h\u00f4tel pour Chats et Rongeurs.<br \/>\n\t\t\t<a href=\"https:\/\/www.sorrisomais.pt\/\" target=\"_self\" role=\"button\"><br \/>\n\t\t\t\t\t\t\tSite<br \/>\n\t\t\t\t\t<\/a><br \/>\n\t\t\t\t<img loading=\"lazy\" decoding=\"async\" src=\"https:\/\/ocaolaranja.com\/fr\/wp-content\/uploads\/2015\/10\/logoanimaisderua.png\" alt=\"logoanimaisderua\" itemprop=\"image\" height=\"158\" width=\"209\"  \/><\/p>\n<h3>Animais de Rua<\/h3>\n<p><strong>10% de r\u00e9duction pour les membres<\/strong><\/p>\n<p>Pr\u00e9sentez votre carte de membre de Associa\u00e7\u00e3o Animais de Rua qui obtient une r\u00e9duction de 10% dans les services de Bains et Draps et dans l&#8217;h\u00e9bergement dans notre h\u00f4tel pour Chats et Rongeurs.<br \/>\n\t\t\t<a href=\"https:\/\/www.animaisderua.org\" target=\"_self\" role=\"button\"><br \/>\n\t\t\t\t\t\t\tSite<br \/>\n\t\t\t\t\t<\/a><\/p>\n<h3>Press<\/h3>\n<p>\t\t\t\t<a href=\"https:\/\/cmtv.sapo.pt\/programas\/manha_cm\/detalhe\/o-cao-laranja.html\" target=\"_self\" itemprop=\"url\" rel=\"noopener\"><br \/>\n\t\t\t\t<img loading=\"lazy\" decoding=\"async\" src=\"https:\/\/ocaolaranja.com\/fr\/wp-content\/uploads\/2015\/10\/cm-tv-300x171.jpg\" alt=\"cm tv\" itemprop=\"image\" height=\"171\" width=\"300\"  \/><br \/>\n\t\t\t\t<\/a><\/p>\n<h3><a href=\"https:\/\/cmtv.sapo.pt\/programas\/manha_cm\/detalhe\/o-cao-laranja.html\" target=\"_self\" rel=\"noopener\">Manh\u00e3s da CMTV<\/a><\/h3>\n<p>En juillet 2014, nous avons \u00e9t\u00e9 invit\u00e9s \u00e0 parler de notre h\u00f4tel pour les chats et du probl\u00e8me du diab\u00e8te chez les chats.<br \/>\n\t\t\t<a href=\"https:\/\/videos.sapo.pt\/onIURER76kK2t7pZE6B9\" target=\"_self\" role=\"button\"><br \/>\n\t\t\t\t\t\t\tRegarder la Vid\u00e9o<br \/>\n\t\t\t\t\t<\/a><\/p>\n<h3>Hora de estima\u00e7\u00e3o<\/h3>\n<p>En ao\u00fbt 2014, le programme CMTV &#8220;Estimate Hour&#8221; a transmis un rapport sur notre h\u00f4tel pour chats et rongeurs et notre centre d&#8217;esth\u00e9tique animale.<\/p>\n<p>\t\t\t<a href=\"https:\/\/videos.sapo.pt\/o8Bnv1wM7mohqkTe2I6R\" target=\"_self\" role=\"button\"><br \/>\n\t\t\t\t\t\t\tRegarder la Vid\u00e9o<br \/>\n\t\t\t\t\t<\/a><\/p>\n<h3>Hora de estima\u00e7\u00e3o<\/h3>\n<p>En septembre 2017, le programme CMTV &#8220;Estimate Hour&#8221; a diffus\u00e9 un reportage sur notre h\u00f4tel pour chats avec les parcs d&#8217;attractions f\u00e9lins innovants.<\/p>\n<p>\t\t\t<a href=\"https:\/\/www.cmjornal.pt\/multimedia\/videos\/detalhe\/hotel-para-felinos\" target=\"_self\" role=\"button\"><br \/>\n\t\t\t\t\t\t\tRegarder la Vid\u00e9o<br \/>\n\t\t\t\t\t<\/a><\/p>\n<h3>Hora de estima\u00e7\u00e3o<\/h3>\n<p>En septembre 2017, le programme CMTV Estimate Hour a transmis un rapport sur notre centre d&#8217;esth\u00e9tique animale avec toilettage \u00e0 un lapin.<\/p>\n<p>\t\t\t<a href=\"https:\/\/www.cmjornal.pt\/multimedia\/videos\/detalhe\/os-cuidados-da-nuca\" target=\"_self\" role=\"button\"><br \/>\n\t\t\t\t\t\t\tRegarder la Vid\u00e9o<br \/>\n\t\t\t\t\t<\/a><br \/>\n\t\t\t\t<img loading=\"lazy\" decoding=\"async\" src=\"https:\/\/ocaolaranja.com\/fr\/wp-content\/uploads\/2015\/10\/animais-anonimos-300x175.png\" alt=\"animais anonimos\" itemprop=\"image\" height=\"175\" width=\"300\"  \/><\/p>\n<h3>Animais An\u00f3nimos<\/h3>\n<p>En d\u00e9cembre 2016, notre h\u00f4tel pour chats a re\u00e7u le programme Animal Anonymous du RTP.<\/p>\n<p>\t\t\t<a href=\"https:\/\/www.rtp.pt\/play\/p2882\/e264647\/animais-anonimos\" target=\"_self\" role=\"button\"><br \/>\n\t\t\t\t\t\t\tRegarder la Vid\u00e9o<br \/>\n\t\t\t\t\t<\/a><br \/>\n\t\t\t\t<img loading=\"lazy\" decoding=\"async\" src=\"https:\/\/ocaolaranja.com\/fr\/wp-content\/uploads\/2015\/10\/animais-anonimos-300x175.png\" alt=\"animais anonimos\" itemprop=\"image\" height=\"175\" width=\"300\"  \/><\/p>\n<h3>Animais An\u00f3nimos<\/h3>\n<p>En f\u00e9vrier 2017, notre Animal Aesthetic Centre a re\u00e7u le programme Friendly Animal RTP.<br \/>\n\t\t\t<a href=\"https:\/\/www.rtp.pt\/play\/p2882\/e272170\/animais-anonimos\" target=\"_self\" role=\"button\"><br \/>\n\t\t\t\t\t\t\tRegarder la Vid\u00e9o<br \/>\n\t\t\t\t\t<\/a><br \/>\n\t\t\t\t<img loading=\"lazy\" decoding=\"async\" src=\"https:\/\/ocaolaranja.com\/fr\/wp-content\/uploads\/2015\/10\/logo_tvamadora.gif\" alt=\"logo_tvamadora\" itemprop=\"image\" height=\"51\" width=\"270\"  \/><\/p>\n<h3>TVAmadora<\/h3>\n<p>En D\u00e9cembre 2014, O C\u00e3o Laranja a re\u00e7u la t\u00e9l\u00e9vision Amadora qui est venu visiter notre espace.<\/p>\n<p>\t\t\t<a href=\"https:\/\/www.tvamadora.com\/Video.aspx?videoid=2867\" target=\"_self\" role=\"button\"><br \/>\n\t\t\t\t\t\t\tRegarder la Vid\u00e9o<br \/>\n\t\t\t\t\t<\/a><br \/>\n\t\t\t\t<img loading=\"lazy\" decoding=\"async\" src=\"https:\/\/ocaolaranja.com\/fr\/wp-content\/uploads\/2015\/10\/ClickProfessor-aproxima-pais-e-docentes-300x133.jpg\" alt=\"ClickProfessor-aproxima-pais-e-docentes\" itemprop=\"image\" height=\"133\" width=\"300\"  \/><\/p>\n<h3>Jornal de Noticias<\/h3>\n<p>En juillet 2015, Jornal de Noticias a rapport\u00e9 sur notre h\u00f4tel.<\/p>\n<p>\t\t\t\t<img loading=\"lazy\" decoding=\"async\" src=\"https:\/\/ocaolaranja.com\/fr\/wp-content\/uploads\/2015\/10\/Gatos.jpg\" alt=\"Gatos\" itemprop=\"image\" height=\"842\" width=\"993\"  \/><br \/>\n\t\t\t\t<img loading=\"lazy\" decoding=\"async\" src=\"https:\/\/ocaolaranja.com\/fr\/wp-content\/uploads\/2015\/10\/dica-300x168.jpg\" alt=\"dica\" itemprop=\"image\" height=\"168\" width=\"300\"  \/><\/p>\n<h3>Dica da Semana<\/h3>\n<p>En novembre 2014, Tip of the Week a fait un reportage sur notre h\u00f4tel.<\/p>\n<p>\t\t\t\t<img loading=\"lazy\" decoding=\"async\" src=\"https:\/\/ocaolaranja.com\/fr\/wp-content\/uploads\/2015\/10\/aqui-h\u00e1-gato.jpg\" alt=\"aqui   h\u00e1 gato\" itemprop=\"image\" height=\"557\" width=\"405\"  \/><\/p>\n<h3 style=\"text-align: center;\"><strong>CONTACT<\/strong><\/h3>\n<p>[contact-form-7 id=&#8221;7&#8243; title=&#8221;Formul\u00e1rio de contacto 1&#8243;]<\/p>\n<p>Si vous avez des questions n&#8217;h\u00e9sitez pas \u00e0 nous contacter, nous serons \u00e0 votre disposition pour clarifier tous vos doutes et vous fournir toutes les informations que vous estimez n\u00e9cessaires.<\/p>\n<table border=\"0\" width=\"100%\" cellspacing=\"0\" cellpadding=\"0\">\n<tbody>\n<tr>\n<td align=\"left\" valign=\"middle\" width=\"45\" height=\"50\"><img loading=\"lazy\" decoding=\"async\" src=\"https:\/\/ocaolaranja.com\/fr\/wp-content\/uploads\/2015\/10\/email25.png\" alt=\"email25\" width=\"26\" height=\"26\" \/><\/td>\n<td>\u00a0<a href=\"tel:+351 938 315 317\" target=\"_blank\">938 315 317<\/a> \/ <a href=\"tel: +351 212 430 920\" target=\"_blank\">212 430 920<\/a><\/td>\n<\/tr>\n<tr>\n<td align=\"left\" valign=\"middle\" width=\"45\" height=\"50\"><img loading=\"lazy\" decoding=\"async\" src=\"https:\/\/ocaolaranja.com\/fr\/wp-content\/uploads\/2015\/10\/email251.png\" alt=\"email25\" width=\"26\" height=\"26\" \/><\/td>\n<td>\u00a0<a href=\"&#109;&#x61;&#105;&#x6c;t&#x6f;:&#103;&#x65;&#114;&#x61;l&#x40;o&#99;&#x61;&#111;&#x6c;a&#x72;a&#110;&#x6a;&#97;&#x2e;c&#x6f;m\" target=\"_blank\">&#103;&#x65;&#114;&#x61;&#108;&#x40;&#111;&#x63;&#97;&#x6f;&#108;&#x61;&#114;&#x61;&#110;&#x6a;&#97;&#x2e;&#99;&#x6f;&#109;<\/a><\/td>\n<\/tr>\n<tr>\n<td align=\"left\" valign=\"middle\" width=\"45\" height=\"50\"><img loading=\"lazy\" decoding=\"async\" src=\"https:\/\/ocaolaranja.com\/fr\/wp-content\/uploads\/2015\/10\/morada25.png\" alt=\"morada25\" width=\"26\" height=\"26\" \/><\/td>\n<td><a href=\"https:\/\/www.google.pt\/maps\/place\/Praceta+Infant%C3%A1rio+7,+2720-304+Reboleira\/@38.7481021,-9.2301869,17z\/data=!3m1!4b1!4m2!3m1!1s0xd1ecd0206288897:0x9f7685764fe890d0\" target=\"_blank\" rel=\"noopener\">Praceta do Infant\u00e1rio 7 Loja B, Reboleira<\/a><br \/><a href=\"https:\/\/www.google.pt\/maps\/place\/Praceta+Infant%C3%A1rio+7,+2720-304+Reboleira\/@38.7481021,-9.2301869,17z\/data=!3m1!4b1!4m2!3m1!1s0xd1ecd0206288897:0x9f7685764fe890d0\" target=\"_blank\" rel=\"noopener\">2720-304 Amadora<\/a><\/td>\n<\/tr>\n<\/tbody>\n<\/table>\n<p><strong>Heures de service client<\/strong><\/p>\n<p>Du lundi au vendredi de 10h30 \u00e0 13h00 et de 15h00 \u00e0 20h00<br \/>\nLes samedis de 9h \u00e0 13h et de 14h \u00e0 18h<\/p>\n<p>\t\t\t\t<img loading=\"lazy\" decoding=\"async\" src=\"https:\/\/ocaolaranja.com\/fr\/wp-content\/uploads\/2015\/10\/facebook601.png\" alt=\"facebook60\" itemprop=\"image\" height=\"68\" width=\"68\"  \/><\/p>\n<p><a href=\"https:\/\/www.facebook.com\/ocaolaranja\" target=\"_blank\" rel=\"noopener\">O C\u00e3o Laranja<\/a><\/p>\n<p>\t\t\t\t<img loading=\"lazy\" decoding=\"async\" src=\"https:\/\/ocaolaranja.com\/fr\/wp-content\/uploads\/2015\/10\/facebook601.png\" alt=\"facebook60\" itemprop=\"image\" height=\"68\" width=\"68\"  \/><\/p>\n<p><a href=\"https:\/\/www.facebook.com\/hotelparagatoslisboa\" target=\"_blank\" rel=\"noopener\">Hotel para Gatos Lisboa<\/a><\/p>\n<p>\t\t\t\t<img loading=\"lazy\" decoding=\"async\" src=\"https:\/\/ocaolaranja.com\/fr\/wp-content\/uploads\/2015\/10\/instagram60.png\" alt=\"instagram60\" itemprop=\"image\" height=\"78\" width=\"78\"  \/><\/p>\n<p><a href=\"https:\/\/instagram.com\/hotel_para_gatos_lisboa\/\" target=\"_blank\" rel=\"noopener\">Hotel para Gatos Lisboa<\/a><\/p>\n","protected":false},"excerpt":{"rendered":"<p>Partenariats LPDA 10% de r\u00e9duction pour les membres LPDA \/ IZQC \/ AMIAMA Tous les membres de la LPDA \/ IZQC \/ AMIAMA et qui pr\u00e9sentent leur carte b\u00e9n\u00e9ficient d&#8217;une r\u00e9duction de 10% sur les services de Baths and Sheets et de Cats and Rongents Accommodation. Site ILGA Portugal 10% de r\u00e9duction pour les membres&hellip;<\/p>\n","protected":false},"author":3,"featured_media":0,"parent":0,"menu_order":0,"comment_status":"closed","ping_status":"closed","template":"","meta":{"footnotes":""},"class_list":["post-82","page","type-page","status-publish","hentry"],"_links":{"self":[{"href":"https:\/\/ocaolaranja.com\/fr\/wp-json\/wp\/v2\/pages\/82","targetHints":{"allow":["GET"]}}],"collection":[{"href":"https:\/\/ocaolaranja.com\/fr\/wp-json\/wp\/v2\/pages"}],"about":[{"href":"https:\/\/ocaolaranja.com\/fr\/wp-json\/wp\/v2\/types\/page"}],"author":[{"embeddable":true,"href":"https:\/\/ocaolaranja.com\/fr\/wp-json\/wp\/v2\/users\/3"}],"replies":[{"embeddable":true,"href":"https:\/\/ocaolaranja.com\/fr\/wp-json\/wp\/v2\/comments?post=82"}],"version-history":[{"count":0,"href":"https:\/\/ocaolaranja.com\/fr\/wp-json\/wp\/v2\/pages\/82\/revisions"}],"wp:attachment":[{"href":"https:\/\/ocaolaranja.com\/fr\/wp-json\/wp\/v2\/media?parent=82"}],"curies":[{"name":"wp","href":"https:\/\/api.w.org\/{rel}","templated":true}]}}